{"id":6701,"date":"2025-02-25T15:56:22","date_gmt":"2025-02-25T14:56:22","guid":{"rendered":"https:\/\/apartmore.pl\/?page_id=6701"},"modified":"2025-02-25T17:47:48","modified_gmt":"2025-02-25T16:47:48","slug":"wynajem-korporacyjny","status":"publish","type":"page","link":"https:\/\/apartmore.pl\/pl\/wynajem-korporacyjny\/","title":{"rendered":"Wynajem korporacyjny"},"content":{"rendered":"<div class=\"fw-page-builder-content\">\n<h2 class=\"blockTitle\"><\/h2>\n<p data-start=\"406\" data-end=\"427\">Nasza firma zapewnia pe\u0142ne wsparcie dedykowanego asystenta, kt\u00f3ry poprowadzi Ci\u0119 przez ka\u017cdy etap procesu wynajmu. Dzi\u0119ki szerokiemu wyborowi apartament\u00f3w mo\u017cemy znale\u017a\u0107 idealne zakwaterowanie dostosowane do potrzeb Klienta.<\/p>\n<h3 data-start=\"406\" data-end=\"427\">APARTAMENTY<\/h3>\n<p>W pe\u0142ni umeblowane i wyposa\u017cone we wszystkie niezb\u0119dne udogodnieniaDost\u0119p do strefy fitness: si\u0142ownia i saunaWsparcie techniczne (w tym naprawy i konserwacja)Us\u0142ugi sprz\u0105tania podczas pobytu (zgodnie z umow\u0105, np. co tydzie\u0144)Gwarantowane miejsce parkingowe (wliczone w cen\u0119 lub dost\u0119pne za dodatkow\u0105 op\u0142at\u0105, w zale\u017cno\u015bci od oferty)<\/p>\n<h3 data-start=\"784\" data-end=\"805\">LOKALIZACJA<\/h3>\n<p>Nowoczesne apartamenty w centrum Gda\u0144ska, blisko g\u0142\u00f3wnych w\u0119z\u0142\u00f3w komunikacyjnych i kluczowych us\u0142ug.<\/p>\n<h3 data-start=\"922\" data-end=\"936\">CENY<\/h3>\n<p data-start=\"937\" data-end=\"1094\">Oferujemy elastyczne stawki dostosowane do bud\u017cetu i indywidualnych potrzeb Klienta. Skontaktuj si\u0119 z nami, aby uzyska\u0107 wi\u0119cej informacji o naszej ofercie.<\/p>\n<h1 class='fw-special-title'>Kontakt<\/h1>\n<p>???? <a style=\"color: #ffffff;\" href=\"tel:+48606314657\">+48 606 314 657<\/a><\/p>\n<p>???? <a style=\"color: #ffffff;\" href=\"tel:+48603570008\">+48 603 570 008<\/a><\/p>\n<p>???? <a style=\"color: #ffffff;\" href=\"mailto:wspolpraca@apartmore.pl\" rel=\"noopener\" data-start=\"1141\" data-end=\"1164\">wspolpraca@apartmore.pl<\/a><\/p>\n<p><!-- 55181a7a782f3b14a477ae75f351bf04 --><\/div>\n","protected":false},"excerpt":{"rendered":"<p>Nasza firma zapewnia pe\u0142ne wsparcie dedykowanego asystenta, kt\u00f3ry poprowadzi Ci\u0119 przez ka\u017cdy etap procesu wynajmu. Dzi\u0119ki szerokiemu wyborowi apartament\u00f3w mo\u017cemy znale\u017a\u0107 idealne zakwaterowanie dostosowane do potrzeb Klienta. APARTAMENTY W pe\u0142ni umeblowane i wyposa\u017cone we wszystkie niezb\u0119dne udogodnieniaDost\u0119p do strefy fitness: si\u0142ownia i saunaWsparcie techniczne (w tym naprawy i konserwacja)Us\u0142ugi sprz\u0105tania podczas pobytu (zgodnie z umow\u0105,<a class=\"excerpt-read-more\" href=\"https:\/\/apartmore.pl\/pl\/wynajem-korporacyjny\/\" title=\"ReadWynajem korporacyjny\">&#8230; Read more &raquo;<\/a><\/p>\n","protected":false},"author":8,"featured_media":0,"parent":0,"menu_order":0,"comment_status":"closed","ping_status":"closed","template":"templates\/template-coop.php","meta":{"footnotes":""},"class_list":["post-6701","page","type-page","status-publish","hentry"],"yoast_head":"<!-- This site is optimized with the Yoast SEO plugin v25.3.1 - https:\/\/yoast.com\/wordpress\/plugins\/seo\/ -->\n<title>Wynajem korporacyjny Gda\u0144sk - Delegacje<\/title>\n<meta name=\"robots\" content=\"index, follow, max-snippet:-1, max-image-preview:large, max-video-preview:-1\" \/>\n<link rel=\"canonical\" href=\"https:\/\/apartmore.pl\/pl\/wynajem-korporacyjny\/\" \/>\n<meta property=\"og:locale\" content=\"pl_PL\" \/>\n<meta property=\"og:type\" content=\"article\" \/>\n<meta property=\"og:title\" content=\"Apartmore | Wsp\u00f3\u0142praca z w\u0142a\u015bcicielami apartament\u00f3w\" \/>\n<meta property=\"og:description\" content=\"Wsp\u00f3\u0142praca z Apartmore to osi\u0105ganie najwy\u017cszych dochod\u00f3w z Pa\u0144stwa nieruchomo\u015bci i oszcz\u0119dno\u015b\u0107 czasu potrzebnego na obs\u0142ug\u0119 wynajmu apartamentu.\" \/>\n<meta property=\"og:url\" content=\"https:\/\/apartmore.pl\/pl\/wynajem-korporacyjny\/\" \/>\n<meta property=\"og:site_name\" content=\"APARTMORE\" \/>\n<meta property=\"article:publisher\" content=\"https:\/\/www.facebook.com\/ApartmoreApartments\/\" \/>\n<meta property=\"article:modified_time\" content=\"2025-02-25T16:47:48+00:00\" \/>\n<meta property=\"og:image\" content=\"https:\/\/apartmore.pl\/wp-content\/uploads\/2017\/12\/do-googla.jpg\" \/>\n\t<meta property=\"og:image:width\" content=\"1932\" \/>\n\t<meta property=\"og:image:height\" content=\"1904\" \/>\n\t<meta property=\"og:image:type\" content=\"image\/jpeg\" \/>\n<meta name=\"twitter:card\" content=\"summary_large_image\" \/>\n<meta name=\"twitter:label1\" content=\"Szacowany czas czytania\" \/>\n\t<meta name=\"twitter:data1\" content=\"1 minuta\" \/>\n<script type=\"application\/ld+json\" class=\"yoast-schema-graph\">{\"@context\":\"https:\/\/schema.org\",\"@graph\":[{\"@type\":\"WebPage\",\"@id\":\"https:\/\/apartmore.pl\/pl\/wynajem-korporacyjny\/\",\"url\":\"https:\/\/apartmore.pl\/pl\/wynajem-korporacyjny\/\",\"name\":\"Wynajem korporacyjny Gda\u0144sk - Delegacje\",\"isPartOf\":{\"@id\":\"https:\/\/apartmore.pl\/pl\/#website\"},\"datePublished\":\"2025-02-25T14:56:22+00:00\",\"dateModified\":\"2025-02-25T16:47:48+00:00\",\"breadcrumb\":{\"@id\":\"https:\/\/apartmore.pl\/pl\/wynajem-korporacyjny\/#breadcrumb\"},\"inLanguage\":\"pl-PL\",\"potentialAction\":[{\"@type\":\"ReadAction\",\"target\":[\"https:\/\/apartmore.pl\/pl\/wynajem-korporacyjny\/\"]}]},{\"@type\":\"BreadcrumbList\",\"@id\":\"https:\/\/apartmore.pl\/pl\/wynajem-korporacyjny\/#breadcrumb\",\"itemListElement\":[{\"@type\":\"ListItem\",\"position\":1,\"name\":\"Home\",\"item\":\"https:\/\/apartmore.pl\/pl\/\"},{\"@type\":\"ListItem\",\"position\":2,\"name\":\"Wynajem korporacyjny\"}]},{\"@type\":\"WebSite\",\"@id\":\"https:\/\/apartmore.pl\/pl\/#website\",\"url\":\"https:\/\/apartmore.pl\/pl\/\",\"name\":\"APARTMORE\",\"description\":\"Znajd\u017a wymarzony apartament w samym sercu Gda\u0144ska\",\"potentialAction\":[{\"@type\":\"SearchAction\",\"target\":{\"@type\":\"EntryPoint\",\"urlTemplate\":\"https:\/\/apartmore.pl\/pl\/?s={search_term_string}\"},\"query-input\":{\"@type\":\"PropertyValueSpecification\",\"valueRequired\":true,\"valueName\":\"search_term_string\"}}],\"inLanguage\":\"pl-PL\"}]}<\/script>\n<!-- \/ Yoast SEO plugin. -->","yoast_head_json":{"title":"Wynajem korporacyjny Gda\u0144sk - Delegacje","robots":{"index":"index","follow":"follow","max-snippet":"max-snippet:-1","max-image-preview":"max-image-preview:large","max-video-preview":"max-video-preview:-1"},"canonical":"https:\/\/apartmore.pl\/pl\/wynajem-korporacyjny\/","og_locale":"pl_PL","og_type":"article","og_title":"Apartmore | Wsp\u00f3\u0142praca z w\u0142a\u015bcicielami apartament\u00f3w","og_description":"Wsp\u00f3\u0142praca z Apartmore to osi\u0105ganie najwy\u017cszych dochod\u00f3w z Pa\u0144stwa nieruchomo\u015bci i oszcz\u0119dno\u015b\u0107 czasu potrzebnego na obs\u0142ug\u0119 wynajmu apartamentu.","og_url":"https:\/\/apartmore.pl\/pl\/wynajem-korporacyjny\/","og_site_name":"APARTMORE","article_publisher":"https:\/\/www.facebook.com\/ApartmoreApartments\/","article_modified_time":"2025-02-25T16:47:48+00:00","og_image":[{"width":1932,"height":1904,"url":"https:\/\/apartmore.pl\/wp-content\/uploads\/2017\/12\/do-googla.jpg","type":"image\/jpeg"}],"twitter_card":"summary_large_image","twitter_misc":{"Szacowany czas czytania":"1 minuta"},"schema":{"@context":"https:\/\/schema.org","@graph":[{"@type":"WebPage","@id":"https:\/\/apartmore.pl\/pl\/wynajem-korporacyjny\/","url":"https:\/\/apartmore.pl\/pl\/wynajem-korporacyjny\/","name":"Wynajem korporacyjny Gda\u0144sk - Delegacje","isPartOf":{"@id":"https:\/\/apartmore.pl\/pl\/#website"},"datePublished":"2025-02-25T14:56:22+00:00","dateModified":"2025-02-25T16:47:48+00:00","breadcrumb":{"@id":"https:\/\/apartmore.pl\/pl\/wynajem-korporacyjny\/#breadcrumb"},"inLanguage":"pl-PL","potentialAction":[{"@type":"ReadAction","target":["https:\/\/apartmore.pl\/pl\/wynajem-korporacyjny\/"]}]},{"@type":"BreadcrumbList","@id":"https:\/\/apartmore.pl\/pl\/wynajem-korporacyjny\/#breadcrumb","itemListElement":[{"@type":"ListItem","position":1,"name":"Home","item":"https:\/\/apartmore.pl\/pl\/"},{"@type":"ListItem","position":2,"name":"Wynajem korporacyjny"}]},{"@type":"WebSite","@id":"https:\/\/apartmore.pl\/pl\/#website","url":"https:\/\/apartmore.pl\/pl\/","name":"APARTMORE","description":"Znajd\u017a wymarzony apartament w samym sercu Gda\u0144ska","potentialAction":[{"@type":"SearchAction","target":{"@type":"EntryPoint","urlTemplate":"https:\/\/apartmore.pl\/pl\/?s={search_term_string}"},"query-input":{"@type":"PropertyValueSpecification","valueRequired":true,"valueName":"search_term_string"}}],"inLanguage":"pl-PL"}]}},"_links":{"self":[{"href":"https:\/\/apartmore.pl\/pl\/wp-json\/wp\/v2\/pages\/6701","targetHints":{"allow":["GET"]}}],"collection":[{"href":"https:\/\/apartmore.pl\/pl\/wp-json\/wp\/v2\/pages"}],"about":[{"href":"https:\/\/apartmore.pl\/pl\/wp-json\/wp\/v2\/types\/page"}],"author":[{"embeddable":true,"href":"https:\/\/apartmore.pl\/pl\/wp-json\/wp\/v2\/users\/8"}],"replies":[{"embeddable":true,"href":"https:\/\/apartmore.pl\/pl\/wp-json\/wp\/v2\/comments?post=6701"}],"version-history":[{"count":25,"href":"https:\/\/apartmore.pl\/pl\/wp-json\/wp\/v2\/pages\/6701\/revisions"}],"predecessor-version":[{"id":6735,"href":"https:\/\/apartmore.pl\/pl\/wp-json\/wp\/v2\/pages\/6701\/revisions\/6735"}],"wp:attachment":[{"href":"https:\/\/apartmore.pl\/pl\/wp-json\/wp\/v2\/media?parent=6701"}],"curies":[{"name":"wp","href":"https:\/\/api.w.org\/{rel}","templated":true}]}}