{"id":6657,"date":"2025-02-22T16:32:42","date_gmt":"2025-02-22T15:32:42","guid":{"rendered":"https:\/\/apartmore.pl\/?page_id=6657"},"modified":"2025-11-23T15:36:56","modified_gmt":"2025-11-23T14:36:56","slug":"co-robic-w-gdansku","status":"publish","type":"page","link":"https:\/\/apartmore.pl\/pl\/co-robic-w-gdansku\/","title":{"rendered":"Co robi\u0107 w Gda\u0144sku?"},"content":{"rendered":"<h2>Co robi\u0107 w Gda\u0144sku?<\/h2>\n<p>Gda\u0144sk to idealne miejsce dla wszystkich odwiedzaj\u0105cych, ka\u017cdy znajdzie w nim miejsce dla siebie. Poni\u017cej przedstawiamy multum mo\u017cliwo\u015bci, pami\u0119taj te\u017c, \u017ce nasi pracownicy s\u0142u\u017c\u0105 pomoc\u0105.<\/p>\n<h2>Atrakcje dla dzieci<\/h2>\n<ul>\n<li><a href=\"https:\/\/apartmore.pl\/pl\/majaland-gdansk-wszystko-co-musisz-wiedziec\/\">Majaland<\/a><\/li>\n<li><a href=\"https:\/\/apartmore.pl\/pl\/najlepsze-miejsca-dla-dzieci-w-gdansku\/\">Miejsca dla dzieci w Gda\u0144sku<\/a><\/li>\n<li><a href=\"https:\/\/apartmore.pl\/pl\/atrakcje-dla-dzieci-w-trojmiescie-co-robic-w-gdansku-gdyni-czy-sopocie\/\">Miejsca dla dzieci w Tr\u00f3jmie\u015bcie<\/a><\/li>\n<\/ul>\n<h2>Koncerty\/Festiwale<\/h2>\n<ul>\n<li><a href=\"https:\/\/apartmore.pl\/pl\/rod-stewart-w-gdansku-2025-muzyczna-legenda-na-wyciagniecie-reki-apartamenty-i-noclegi\/\">Rod Stewart<\/a> 6.05.2025 &#8211;\u00a0Ergo Arena<\/li>\n<li><a href=\"https:\/\/apartmore.pl\/pl\/scorpions-w-gdansku-zobacz-legende-rocka-na-zywo-apartamenty-i-noclegi\/\">Scorpions<\/a> 16.06.2025 &#8211; Ergo Arena<\/li>\n<li><a href=\"https:\/\/apartmore.pl\/pl\/mystic-festival-w-gdansku-w-2025-roku\/\">Mystic Festival<\/a> 4-7.06.2025 &#8211; Gda\u0144sk<\/li>\n<li><a href=\"https:\/\/apartmore.pl\/pl\/opener-2025-bilety-artysci-dojazd-i-noclegi\/\">Open&#8217;er 2025<\/a> 2-5.07.2025 &#8211; Gdynia\/Kosakowo<\/li>\n<li><a href=\"https:\/\/apartmore.pl\/pl\/rockowizna-w-gdansku-energetyczny-powrot-rocka-pod-golym-niebem\/\">Rockowizna<\/a> 8-9.08.2025 &#8211; Gda\u0144sk<\/li>\n<li><a href=\"https:\/\/apartmore.pl\/pl\/festiwal-meskie-granie-w-gdansku-2025\/\">Festiwal M\u0119skie Granie<\/a> &#8211; 18-19.07.2025 &#8211; Gda\u0144sk<\/li>\n<li><a href=\"https:\/\/apartmore.pl\/pl\/sunset-square-w-gdyni-2025-ceny-lokalizacja-sklad-lineup\/\">Sunset Square<\/a> &#8211; 15-16.08.2025 &#8211; Gdynia<\/li>\n<li><a href=\"https:\/\/apartmore.pl\/pl\/zorza-festiwal-2025-w-gdansku-sklad-lineup-ceny-lokalizacja\/\">Zorza Festiwal<\/a> &#8211; 15-16.08.2025 &#8211; Gda\u0144sk<\/li>\n<li><a href=\"https:\/\/apartmore.pl\/pl\/mata-tour-2040-w-gdansku-2025-bilety-i-dojazd\/\">Mata Tour 2040<\/a> &#8211; 7.12.2025 &#8211; Ergo Aren Gda\u0144sk<\/li>\n<\/ul>\n<h2>Miejsca<\/h2>\n<ul>\n<li><a href=\"https:\/\/apartmore.pl\/pl\/knajpy-w-gdansku-godne-polecenia-najlepsze-restauracje\/\">Restauracja\/knajpy<\/a><\/li>\n<li><a href=\"https:\/\/apartmore.pl\/pl\/gdzie-zjesc-dobrego-burgera-w-gdansku-kraftowe-nie-fastfoody\/\">Dobre burgery<\/a><\/li>\n<\/ul>\n<h2>Pomys\u0142y na:<\/h2>\n<ul>\n<li><a href=\"https:\/\/apartmore.pl\/pl\/co-robic-w-majowke-w-gdansku\/\">Maj\u00f3wka<\/a><\/li>\n<li><a href=\"https:\/\/apartmore.pl\/pl\/jak-spedzic-idealne-walentynki-w-gdansku\/\">Walentynki<\/a><\/li>\n<li><a href=\"https:\/\/apartmore.pl\/pl\/swieta-bozego-narodzenia-w-gdansku-apartamenty-i-noclegi\/\">Bo\u017ce Narodzenie<\/a><\/li>\n<li><a href=\"https:\/\/apartmore.pl\/pl\/nowy-rok-sylwester-w-gdansku-wynajmij-apartament-i-przywitaj-go-w-wielkim-stylu\/\">Sylwester<\/a><\/li>\n<li><a href=\"https:\/\/apartmore.pl\/pl\/stand-up-gdansk-2025-na-jakie-stand-upy-warto-pojsc\/\">Stand UP &#8211; Gda\u0144sk 2025<\/a><\/li>\n<\/ul>\n<p>&nbsp;<\/p>\n<p>&nbsp;<\/p>\n<p>&nbsp;<\/p>\n<p>&nbsp;<\/p>\n<p>&nbsp;<\/p>\n","protected":false},"excerpt":{"rendered":"<p>Co robi\u0107 w Gda\u0144sku? Gda\u0144sk to idealne miejsce dla wszystkich odwiedzaj\u0105cych, ka\u017cdy znajdzie w nim miejsce dla siebie. Poni\u017cej przedstawiamy multum mo\u017cliwo\u015bci, pami\u0119taj te\u017c, \u017ce nasi pracownicy s\u0142u\u017c\u0105 pomoc\u0105. Atrakcje dla dzieci Majaland Miejsca dla dzieci w Gda\u0144sku Miejsca dla dzieci w Tr\u00f3jmie\u015bcie Koncerty\/Festiwale Rod Stewart 6.05.2025 &#8211;\u00a0Ergo Arena Scorpions 16.06.2025 &#8211; Ergo Arena Mystic<a class=\"excerpt-read-more\" href=\"https:\/\/apartmore.pl\/pl\/co-robic-w-gdansku\/\" title=\"ReadCo robi\u0107 w Gda\u0144sku?\">&#8230; Read more &raquo;<\/a><\/p>\n","protected":false},"author":8,"featured_media":0,"parent":0,"menu_order":0,"comment_status":"closed","ping_status":"closed","template":"","meta":{"footnotes":""},"class_list":["post-6657","page","type-page","status-publish","hentry"],"yoast_head":"<!-- This site is optimized with the Yoast SEO plugin v25.3.1 - https:\/\/yoast.com\/wordpress\/plugins\/seo\/ -->\n<title>Co robi\u0107 w Gda\u0144sku? Co zobaczy\u0107 - ciekawe miejsca i pomys\u0142y<\/title>\n<meta name=\"robots\" content=\"index, follow, max-snippet:-1, max-image-preview:large, max-video-preview:-1\" \/>\n<link rel=\"canonical\" href=\"https:\/\/apartmore.pl\/pl\/co-robic-w-gdansku\/\" \/>\n<meta property=\"og:locale\" content=\"pl_PL\" \/>\n<meta property=\"og:type\" content=\"article\" \/>\n<meta property=\"og:title\" content=\"Apartmore | Regulamin Wynajmu Apartament\u00f3w\" \/>\n<meta property=\"og:description\" content=\"Apartmore | Zasady obowi\u0105zuj\u0105ce w naszych apartamentach.\" \/>\n<meta property=\"og:url\" content=\"https:\/\/apartmore.pl\/pl\/co-robic-w-gdansku\/\" \/>\n<meta property=\"og:site_name\" content=\"APARTMORE\" \/>\n<meta property=\"article:publisher\" content=\"https:\/\/www.facebook.com\/ApartmoreApartments\/\" \/>\n<meta property=\"article:modified_time\" content=\"2025-11-23T14:36:56+00:00\" \/>\n<meta property=\"og:image\" content=\"https:\/\/apartmore.pl\/wp-content\/uploads\/2017\/12\/do-googla.jpg\" \/>\n\t<meta property=\"og:image:width\" content=\"1932\" \/>\n\t<meta property=\"og:image:height\" content=\"1904\" \/>\n\t<meta property=\"og:image:type\" content=\"image\/jpeg\" \/>\n<meta name=\"twitter:card\" content=\"summary_large_image\" \/>\n<meta name=\"twitter:label1\" content=\"Szacowany czas czytania\" \/>\n\t<meta name=\"twitter:data1\" content=\"1 minuta\" \/>\n<script type=\"application\/ld+json\" class=\"yoast-schema-graph\">{\"@context\":\"https:\/\/schema.org\",\"@graph\":[{\"@type\":\"WebPage\",\"@id\":\"https:\/\/apartmore.pl\/pl\/co-robic-w-gdansku\/\",\"url\":\"https:\/\/apartmore.pl\/pl\/co-robic-w-gdansku\/\",\"name\":\"Co robi\u0107 w Gda\u0144sku? Co zobaczy\u0107 - ciekawe miejsca i pomys\u0142y\",\"isPartOf\":{\"@id\":\"https:\/\/apartmore.pl\/pl\/#website\"},\"datePublished\":\"2025-02-22T15:32:42+00:00\",\"dateModified\":\"2025-11-23T14:36:56+00:00\",\"breadcrumb\":{\"@id\":\"https:\/\/apartmore.pl\/pl\/co-robic-w-gdansku\/#breadcrumb\"},\"inLanguage\":\"pl-PL\",\"potentialAction\":[{\"@type\":\"ReadAction\",\"target\":[\"https:\/\/apartmore.pl\/pl\/co-robic-w-gdansku\/\"]}]},{\"@type\":\"BreadcrumbList\",\"@id\":\"https:\/\/apartmore.pl\/pl\/co-robic-w-gdansku\/#breadcrumb\",\"itemListElement\":[{\"@type\":\"ListItem\",\"position\":1,\"name\":\"Home\",\"item\":\"https:\/\/apartmore.pl\/pl\/\"},{\"@type\":\"ListItem\",\"position\":2,\"name\":\"Co robi\u0107 w Gda\u0144sku?\"}]},{\"@type\":\"WebSite\",\"@id\":\"https:\/\/apartmore.pl\/pl\/#website\",\"url\":\"https:\/\/apartmore.pl\/pl\/\",\"name\":\"APARTMORE\",\"description\":\"Znajd\u017a wymarzony apartament w samym sercu Gda\u0144ska\",\"potentialAction\":[{\"@type\":\"SearchAction\",\"target\":{\"@type\":\"EntryPoint\",\"urlTemplate\":\"https:\/\/apartmore.pl\/pl\/?s={search_term_string}\"},\"query-input\":{\"@type\":\"PropertyValueSpecification\",\"valueRequired\":true,\"valueName\":\"search_term_string\"}}],\"inLanguage\":\"pl-PL\"}]}<\/script>\n<!-- \/ Yoast SEO plugin. -->","yoast_head_json":{"title":"Co robi\u0107 w Gda\u0144sku? Co zobaczy\u0107 - ciekawe miejsca i pomys\u0142y","robots":{"index":"index","follow":"follow","max-snippet":"max-snippet:-1","max-image-preview":"max-image-preview:large","max-video-preview":"max-video-preview:-1"},"canonical":"https:\/\/apartmore.pl\/pl\/co-robic-w-gdansku\/","og_locale":"pl_PL","og_type":"article","og_title":"Apartmore | Regulamin Wynajmu Apartament\u00f3w","og_description":"Apartmore | Zasady obowi\u0105zuj\u0105ce w naszych apartamentach.","og_url":"https:\/\/apartmore.pl\/pl\/co-robic-w-gdansku\/","og_site_name":"APARTMORE","article_publisher":"https:\/\/www.facebook.com\/ApartmoreApartments\/","article_modified_time":"2025-11-23T14:36:56+00:00","og_image":[{"width":1932,"height":1904,"url":"https:\/\/apartmore.pl\/wp-content\/uploads\/2017\/12\/do-googla.jpg","type":"image\/jpeg"}],"twitter_card":"summary_large_image","twitter_misc":{"Szacowany czas czytania":"1 minuta"},"schema":{"@context":"https:\/\/schema.org","@graph":[{"@type":"WebPage","@id":"https:\/\/apartmore.pl\/pl\/co-robic-w-gdansku\/","url":"https:\/\/apartmore.pl\/pl\/co-robic-w-gdansku\/","name":"Co robi\u0107 w Gda\u0144sku? Co zobaczy\u0107 - ciekawe miejsca i pomys\u0142y","isPartOf":{"@id":"https:\/\/apartmore.pl\/pl\/#website"},"datePublished":"2025-02-22T15:32:42+00:00","dateModified":"2025-11-23T14:36:56+00:00","breadcrumb":{"@id":"https:\/\/apartmore.pl\/pl\/co-robic-w-gdansku\/#breadcrumb"},"inLanguage":"pl-PL","potentialAction":[{"@type":"ReadAction","target":["https:\/\/apartmore.pl\/pl\/co-robic-w-gdansku\/"]}]},{"@type":"BreadcrumbList","@id":"https:\/\/apartmore.pl\/pl\/co-robic-w-gdansku\/#breadcrumb","itemListElement":[{"@type":"ListItem","position":1,"name":"Home","item":"https:\/\/apartmore.pl\/pl\/"},{"@type":"ListItem","position":2,"name":"Co robi\u0107 w Gda\u0144sku?"}]},{"@type":"WebSite","@id":"https:\/\/apartmore.pl\/pl\/#website","url":"https:\/\/apartmore.pl\/pl\/","name":"APARTMORE","description":"Znajd\u017a wymarzony apartament w samym sercu Gda\u0144ska","potentialAction":[{"@type":"SearchAction","target":{"@type":"EntryPoint","urlTemplate":"https:\/\/apartmore.pl\/pl\/?s={search_term_string}"},"query-input":{"@type":"PropertyValueSpecification","valueRequired":true,"valueName":"search_term_string"}}],"inLanguage":"pl-PL"}]}},"_links":{"self":[{"href":"https:\/\/apartmore.pl\/pl\/wp-json\/wp\/v2\/pages\/6657","targetHints":{"allow":["GET"]}}],"collection":[{"href":"https:\/\/apartmore.pl\/pl\/wp-json\/wp\/v2\/pages"}],"about":[{"href":"https:\/\/apartmore.pl\/pl\/wp-json\/wp\/v2\/types\/page"}],"author":[{"embeddable":true,"href":"https:\/\/apartmore.pl\/pl\/wp-json\/wp\/v2\/users\/8"}],"replies":[{"embeddable":true,"href":"https:\/\/apartmore.pl\/pl\/wp-json\/wp\/v2\/comments?post=6657"}],"version-history":[{"count":14,"href":"https:\/\/apartmore.pl\/pl\/wp-json\/wp\/v2\/pages\/6657\/revisions"}],"predecessor-version":[{"id":7320,"href":"https:\/\/apartmore.pl\/pl\/wp-json\/wp\/v2\/pages\/6657\/revisions\/7320"}],"wp:attachment":[{"href":"https:\/\/apartmore.pl\/pl\/wp-json\/wp\/v2\/media?parent=6657"}],"curies":[{"name":"wp","href":"https:\/\/api.w.org\/{rel}","templated":true}]}}