{"id":5675,"date":"2024-01-21T18:01:11","date_gmt":"2024-01-21T17:01:11","guid":{"rendered":"https:\/\/apartmore.pl\/?page_id=5675"},"modified":"2024-01-21T18:35:21","modified_gmt":"2024-01-21T17:35:21","slug":"noclegi-gdansk","status":"publish","type":"page","link":"https:\/\/apartmore.pl\/pl\/noclegi-gdansk\/","title":{"rendered":"Noclegi Gda\u0144sk"},"content":{"rendered":"<div class=\"fw-page-builder-content\">\n<p>asdasd<\/p>\n<h2 class=\"blockTitle\"><\/h2>\n<p>Dzi\u0119ki wsp\u00f3\u0142pracy z Apartmore osi\u0105gn\u0105 Pa\u0144stwo bardzo wysoki zwrot z inwestycji bez nak\u0142adu czasu i pracy.<\/p>\n<p>Do\u015bwiadczenie, dobra strategia i posiadanie indywidualnych kana\u0142\u00f3w sprzeda\u017cy, pozwala nam zapewni\u0107 bardzo dobre ob\u0142o\u017cenie przez ca\u0142y rok, a nie tylko w wysokim sezonie. Zajmujemy si\u0119 r\u00f3wnie\u017c wynajmem hybrydowym, kt\u00f3ry \u0142\u0105czy w sobie rezerwacje na kr\u00f3tkie jak i d\u0142ugie terminy.<\/p>\n<p>Nasze do\u015bwiadczenie i wyniki potwierdzone s\u0105 rzetelnymi rekomendacjami naszych klient\u00f3w, kt\u00f3re ch\u0119tnie udost\u0119pniamy na \u017cyczenie nowych partner\u00f3w.<\/p>\n<p>Na nasz obecny sukces sk\u0142adaj\u0105 si\u0119:indywidualne kana\u0142y sprzeda\u017cy, z kt\u00f3rych nie korzysta konkurencja, zesp\u00f3\u0142 dost\u0119pny 24\/7, zar\u00f3wno dla go\u015bcia, jak i w\u0142a\u015bciciela, perfekcyjne oceny i bardzo wysokie pozycje wyszukiwania w og\u00f3lnodost\u0119pnych portalach, kompleksowa obs\u0142uga go\u015bci, jak i powierzonego apartamentu<\/p>\n<p>Nasze apartamenty obs\u0142ugiwane s\u0105 przez wyszkolonych pracownik\u00f3w, dbaj\u0105cych o ka\u017cdy detal, tak aby zar\u00f3wno nasi Go\u015bcie, jak i Pa\u0144stwo byli w pe\u0142ni zadowoleni z naszych us\u0142ug.<\/p>\n<h2 class='fw-special-title'>Co oferujemy<\/h2>\n<p> <img decoding=\"async\" src=\"\/\/apartmore.pl\/wp-content\/uploads\/2017\/09\/Group-14@2x.png\" alt=\"\" \/><\/p>\n<h2 class=\"blockIconTitle\">Kana\u0142y sprzeda\u017cy<\/h2>\n<p>Indywidualne kana\u0142y sprzeda\u017cy, znacznie zwi\u0119kszaj\u0105ce ob\u0142o\u017cenie. Wysoka sprzeda\u017c bezpo\u015brednia.<\/p>\n<p> <img decoding=\"async\" src=\"\/\/apartmore.pl\/wp-content\/uploads\/2017\/09\/Group-15@2x.png\" alt=\"\" \/><\/p>\n<h2 class=\"blockIconTitle\">Kalendarz rezerwacji<\/h2>\n<p>Sta\u0142y dost\u0119p do kalendarza z informacj\u0105 o ob\u0142o\u017ceniu apartamentu i cenami rezerwacji. <\/p>\n<p> <img decoding=\"async\" src=\"\/\/apartmore.pl\/wp-content\/uploads\/2017\/09\/Group-16@2x.png\" alt=\"\" \/><\/p>\n<h2 class=\"blockIconTitle\">Wyposa\u017cenie<\/h2>\n<p>Pomoc w doborze i zakupie wyposa\u017cenia oraz przygotowaniu apartamentu do wynajmu. <\/p>\n<p> <img decoding=\"async\" src=\"\/\/apartmore.pl\/wp-content\/uploads\/2017\/09\/Group-11@2x.png\" alt=\"\" \/><\/p>\n<h2 class=\"blockIconTitle\">Sesja zdj\u0119ciowa<\/h2>\n<p>Wykonujemy profesjonaln\u0105 sesj\u0119 zdj\u0119ciow\u0105 apartamentu.<\/p>\n<p> <img decoding=\"async\" src=\"\/\/apartmore.pl\/wp-content\/uploads\/2017\/09\/Group-17@2x.png\" alt=\"\" \/><\/p>\n<h2 class=\"blockIconTitle\">Obs\u0142uga techniczna<\/h2>\n<p>Pe\u0142na obs\u0142uga techniczna. Zatrudniamy w\u0142asnych pracownik\u00f3w technicznych dbaj\u0105cych o pe\u0142n\u0105 sprawno\u015b\u0107 apartament\u00f3w i nieprzerwany wynajem. <\/p>\n<p> <img decoding=\"async\" src=\"\/\/apartmore.pl\/wp-content\/uploads\/2017\/09\/Group-18@2x.png\" alt=\"\" \/><\/p>\n<h2 class=\"blockIconTitle\">Wysokie wyniki sprzeda\u017cowe<\/h2>\n<p>Mo\u017cemy pochwali\u0107 si\u0119 udokumentowanym zwrotem z inwestycji w wysoko\u015bci 7-9 % rocznie*. Oferujemy r\u00f3wnie\u017c przejrzyst\u0105 umow\u0119 z zyskiem wyp\u0142acanym co miesi\u0105c.<\/p>\n<h2 class=\"callToActionTitle\">Rozpocznij wsp\u00f3\u0142prac\u0119<\/h2>\n<p>wykonaj sw\u00f3j pierwszy krok w biznesie i skontaktuj si\u0119 z nami <\/p>\n<p> <a href=\"\/kontakt\" class=\"button\" target=\"_self\"><br \/>\n Kontaktasds<br \/>\n <\/a><\/p>\n<p><!-- d3d8057d4db37b5e1e95c83aea97a3e2 --><\/div>\n","protected":false},"excerpt":{"rendered":"<p>asdasd Dzi\u0119ki wsp\u00f3\u0142pracy z Apartmore osi\u0105gn\u0105 Pa\u0144stwo bardzo wysoki zwrot z inwestycji bez nak\u0142adu czasu i pracy. Do\u015bwiadczenie, dobra strategia i posiadanie indywidualnych kana\u0142\u00f3w sprzeda\u017cy, pozwala nam zapewni\u0107 bardzo dobre ob\u0142o\u017cenie przez ca\u0142y rok, a nie tylko w wysokim sezonie. Zajmujemy si\u0119 r\u00f3wnie\u017c wynajmem hybrydowym, kt\u00f3ry \u0142\u0105czy w sobie rezerwacje na kr\u00f3tkie jak i d\u0142ugie<a class=\"excerpt-read-more\" href=\"https:\/\/apartmore.pl\/pl\/noclegi-gdansk\/\" title=\"ReadNoclegi Gda\u0144sk\">&#8230; Read more &raquo;<\/a><\/p>\n","protected":false},"author":8,"featured_media":5685,"parent":0,"menu_order":0,"comment_status":"closed","ping_status":"closed","template":"templates\/template-lokalizacje.php","meta":{"footnotes":""},"class_list":["post-5675","page","type-page","status-publish","has-post-thumbnail","hentry"],"yoast_head":"<!-- This site is optimized with the Yoast SEO plugin v25.3.1 - https:\/\/yoast.com\/wordpress\/plugins\/seo\/ -->\n<title>Noclegi Gda\u0144sk<\/title>\n<meta name=\"description\" content=\"Noclegi w Gda\u0144sku w ponad 100 apartamentach! Wybierz sw\u00f3j wymarzony apartament i sp\u0119d\u017a najlepszy nocleg w mie\u015bcie Gda\u0144sk.\" \/>\n<meta name=\"robots\" content=\"index, follow, max-snippet:-1, max-image-preview:large, max-video-preview:-1\" \/>\n<link rel=\"canonical\" href=\"https:\/\/apartmore.pl\/pl\/noclegi-gdansk\/\" \/>\n<meta property=\"og:locale\" content=\"pl_PL\" \/>\n<meta property=\"og:type\" content=\"article\" \/>\n<meta property=\"og:title\" content=\"Apartmore | Wsp\u00f3\u0142praca z w\u0142a\u015bcicielami apartament\u00f3w\" \/>\n<meta property=\"og:description\" content=\"Wsp\u00f3\u0142praca z Apartmore to osi\u0105ganie najwy\u017cszych dochod\u00f3w z Pa\u0144stwa nieruchomo\u015bci i oszcz\u0119dno\u015b\u0107 czasu potrzebnego na obs\u0142ug\u0119 wynajmu apartamentu.\" \/>\n<meta property=\"og:url\" content=\"https:\/\/apartmore.pl\/pl\/noclegi-gdansk\/\" \/>\n<meta property=\"og:site_name\" content=\"APARTMORE\" \/>\n<meta property=\"article:publisher\" content=\"https:\/\/www.facebook.com\/ApartmoreApartments\/\" \/>\n<meta property=\"article:modified_time\" content=\"2024-01-21T17:35:21+00:00\" \/>\n<meta property=\"og:image\" content=\"https:\/\/apartmore.pl\/wp-content\/uploads\/2017\/12\/do-googla.jpg\" \/>\n\t<meta property=\"og:image:width\" content=\"1932\" \/>\n\t<meta property=\"og:image:height\" content=\"1904\" \/>\n\t<meta property=\"og:image:type\" content=\"image\/jpeg\" \/>\n<meta name=\"twitter:card\" content=\"summary_large_image\" \/>\n<meta name=\"twitter:label1\" content=\"Szacowany czas czytania\" \/>\n\t<meta name=\"twitter:data1\" content=\"2 minuty\" \/>\n<script type=\"application\/ld+json\" class=\"yoast-schema-graph\">{\"@context\":\"https:\/\/schema.org\",\"@graph\":[{\"@type\":\"WebPage\",\"@id\":\"https:\/\/apartmore.pl\/pl\/noclegi-gdansk\/\",\"url\":\"https:\/\/apartmore.pl\/pl\/noclegi-gdansk\/\",\"name\":\"Noclegi Gda\u0144sk\",\"isPartOf\":{\"@id\":\"https:\/\/apartmore.pl\/pl\/#website\"},\"primaryImageOfPage\":{\"@id\":\"https:\/\/apartmore.pl\/pl\/noclegi-gdansk\/#primaryimage\"},\"image\":{\"@id\":\"https:\/\/apartmore.pl\/pl\/noclegi-gdansk\/#primaryimage\"},\"thumbnailUrl\":\"https:\/\/apartmore.pl\/wp-content\/uploads\/2024\/01\/noclegi-gdansk.jpg\",\"datePublished\":\"2024-01-21T17:01:11+00:00\",\"dateModified\":\"2024-01-21T17:35:21+00:00\",\"description\":\"Noclegi w Gda\u0144sku w ponad 100 apartamentach! Wybierz sw\u00f3j wymarzony apartament i sp\u0119d\u017a najlepszy nocleg w mie\u015bcie Gda\u0144sk.\",\"breadcrumb\":{\"@id\":\"https:\/\/apartmore.pl\/pl\/noclegi-gdansk\/#breadcrumb\"},\"inLanguage\":\"pl-PL\",\"potentialAction\":[{\"@type\":\"ReadAction\",\"target\":[\"https:\/\/apartmore.pl\/pl\/noclegi-gdansk\/\"]}]},{\"@type\":\"ImageObject\",\"inLanguage\":\"pl-PL\",\"@id\":\"https:\/\/apartmore.pl\/pl\/noclegi-gdansk\/#primaryimage\",\"url\":\"https:\/\/apartmore.pl\/wp-content\/uploads\/2024\/01\/noclegi-gdansk.jpg\",\"contentUrl\":\"https:\/\/apartmore.pl\/wp-content\/uploads\/2024\/01\/noclegi-gdansk.jpg\",\"width\":\"1920\",\"height\":\"1280\",\"caption\":\"noclegi gda\u0144sk\"},{\"@type\":\"BreadcrumbList\",\"@id\":\"https:\/\/apartmore.pl\/pl\/noclegi-gdansk\/#breadcrumb\",\"itemListElement\":[{\"@type\":\"ListItem\",\"position\":1,\"name\":\"Home\",\"item\":\"https:\/\/apartmore.pl\/pl\/\"},{\"@type\":\"ListItem\",\"position\":2,\"name\":\"Noclegi Gda\u0144sk\"}]},{\"@type\":\"WebSite\",\"@id\":\"https:\/\/apartmore.pl\/pl\/#website\",\"url\":\"https:\/\/apartmore.pl\/pl\/\",\"name\":\"APARTMORE\",\"description\":\"Znajd\u017a wymarzony apartament w samym sercu Gda\u0144ska\",\"potentialAction\":[{\"@type\":\"SearchAction\",\"target\":{\"@type\":\"EntryPoint\",\"urlTemplate\":\"https:\/\/apartmore.pl\/pl\/?s={search_term_string}\"},\"query-input\":{\"@type\":\"PropertyValueSpecification\",\"valueRequired\":true,\"valueName\":\"search_term_string\"}}],\"inLanguage\":\"pl-PL\"}]}<\/script>\n<!-- \/ Yoast SEO plugin. -->","yoast_head_json":{"title":"Noclegi Gda\u0144sk","description":"Noclegi w Gda\u0144sku w ponad 100 apartamentach! Wybierz sw\u00f3j wymarzony apartament i sp\u0119d\u017a najlepszy nocleg w mie\u015bcie Gda\u0144sk.","robots":{"index":"index","follow":"follow","max-snippet":"max-snippet:-1","max-image-preview":"max-image-preview:large","max-video-preview":"max-video-preview:-1"},"canonical":"https:\/\/apartmore.pl\/pl\/noclegi-gdansk\/","og_locale":"pl_PL","og_type":"article","og_title":"Apartmore | Wsp\u00f3\u0142praca z w\u0142a\u015bcicielami apartament\u00f3w","og_description":"Wsp\u00f3\u0142praca z Apartmore to osi\u0105ganie najwy\u017cszych dochod\u00f3w z Pa\u0144stwa nieruchomo\u015bci i oszcz\u0119dno\u015b\u0107 czasu potrzebnego na obs\u0142ug\u0119 wynajmu apartamentu.","og_url":"https:\/\/apartmore.pl\/pl\/noclegi-gdansk\/","og_site_name":"APARTMORE","article_publisher":"https:\/\/www.facebook.com\/ApartmoreApartments\/","article_modified_time":"2024-01-21T17:35:21+00:00","og_image":[{"width":1932,"height":1904,"url":"https:\/\/apartmore.pl\/wp-content\/uploads\/2017\/12\/do-googla.jpg","type":"image\/jpeg"}],"twitter_card":"summary_large_image","twitter_misc":{"Szacowany czas czytania":"2 minuty"},"schema":{"@context":"https:\/\/schema.org","@graph":[{"@type":"WebPage","@id":"https:\/\/apartmore.pl\/pl\/noclegi-gdansk\/","url":"https:\/\/apartmore.pl\/pl\/noclegi-gdansk\/","name":"Noclegi Gda\u0144sk","isPartOf":{"@id":"https:\/\/apartmore.pl\/pl\/#website"},"primaryImageOfPage":{"@id":"https:\/\/apartmore.pl\/pl\/noclegi-gdansk\/#primaryimage"},"image":{"@id":"https:\/\/apartmore.pl\/pl\/noclegi-gdansk\/#primaryimage"},"thumbnailUrl":"https:\/\/apartmore.pl\/wp-content\/uploads\/2024\/01\/noclegi-gdansk.jpg","datePublished":"2024-01-21T17:01:11+00:00","dateModified":"2024-01-21T17:35:21+00:00","description":"Noclegi w Gda\u0144sku w ponad 100 apartamentach! Wybierz sw\u00f3j wymarzony apartament i sp\u0119d\u017a najlepszy nocleg w mie\u015bcie Gda\u0144sk.","breadcrumb":{"@id":"https:\/\/apartmore.pl\/pl\/noclegi-gdansk\/#breadcrumb"},"inLanguage":"pl-PL","potentialAction":[{"@type":"ReadAction","target":["https:\/\/apartmore.pl\/pl\/noclegi-gdansk\/"]}]},{"@type":"ImageObject","inLanguage":"pl-PL","@id":"https:\/\/apartmore.pl\/pl\/noclegi-gdansk\/#primaryimage","url":"https:\/\/apartmore.pl\/wp-content\/uploads\/2024\/01\/noclegi-gdansk.jpg","contentUrl":"https:\/\/apartmore.pl\/wp-content\/uploads\/2024\/01\/noclegi-gdansk.jpg","width":"1920","height":"1280","caption":"noclegi gda\u0144sk"},{"@type":"BreadcrumbList","@id":"https:\/\/apartmore.pl\/pl\/noclegi-gdansk\/#breadcrumb","itemListElement":[{"@type":"ListItem","position":1,"name":"Home","item":"https:\/\/apartmore.pl\/pl\/"},{"@type":"ListItem","position":2,"name":"Noclegi Gda\u0144sk"}]},{"@type":"WebSite","@id":"https:\/\/apartmore.pl\/pl\/#website","url":"https:\/\/apartmore.pl\/pl\/","name":"APARTMORE","description":"Znajd\u017a wymarzony apartament w samym sercu Gda\u0144ska","potentialAction":[{"@type":"SearchAction","target":{"@type":"EntryPoint","urlTemplate":"https:\/\/apartmore.pl\/pl\/?s={search_term_string}"},"query-input":{"@type":"PropertyValueSpecification","valueRequired":true,"valueName":"search_term_string"}}],"inLanguage":"pl-PL"}]}},"_links":{"self":[{"href":"https:\/\/apartmore.pl\/pl\/wp-json\/wp\/v2\/pages\/5675","targetHints":{"allow":["GET"]}}],"collection":[{"href":"https:\/\/apartmore.pl\/pl\/wp-json\/wp\/v2\/pages"}],"about":[{"href":"https:\/\/apartmore.pl\/pl\/wp-json\/wp\/v2\/types\/page"}],"author":[{"embeddable":true,"href":"https:\/\/apartmore.pl\/pl\/wp-json\/wp\/v2\/users\/8"}],"replies":[{"embeddable":true,"href":"https:\/\/apartmore.pl\/pl\/wp-json\/wp\/v2\/comments?post=5675"}],"version-history":[{"count":11,"href":"https:\/\/apartmore.pl\/pl\/wp-json\/wp\/v2\/pages\/5675\/revisions"}],"predecessor-version":[{"id":5688,"href":"https:\/\/apartmore.pl\/pl\/wp-json\/wp\/v2\/pages\/5675\/revisions\/5688"}],"wp:featuredmedia":[{"embeddable":true,"href":"https:\/\/apartmore.pl\/pl\/wp-json\/wp\/v2\/media\/5685"}],"wp:attachment":[{"href":"https:\/\/apartmore.pl\/pl\/wp-json\/wp\/v2\/media?parent=5675"}],"curies":[{"name":"wp","href":"https:\/\/api.w.org\/{rel}","templated":true}]}}