{"id":1558,"date":"2017-12-07T14:52:25","date_gmt":"2017-12-07T13:52:25","guid":{"rendered":"http:\/\/apartmore.pl\/?page_id=1558"},"modified":"2025-02-21T12:00:22","modified_gmt":"2025-02-21T11:00:22","slug":"regulamin-wynajmu-apartamentu","status":"publish","type":"page","link":"https:\/\/apartmore.pl\/pl\/regulamin-wynajmu-apartamentu\/","title":{"rendered":"Regulamin Wynajmu Apartamentu"},"content":{"rendered":"<p><strong>REGULAMIN WYNAJMU APARTAMENTU <\/strong><\/p>\n<ol>\n<li>Dokonanie rezerwacji za po\u015brednictwem witryny Apartmore (<a href=\"https:\/\/apartmore.pl\/\">https:\/\/apartmore.pl\/<\/a>) r\u00f3wnoznaczne jest z akceptacj\u0105 postanowie\u0144 niniejszego Regulaminu.<\/li>\n<li>W przypadku dokonania rezerwacji za po\u015brednictwem partner\u00f3w Apartmore, takich jak Booking.com lub Airbnb.com, Regulamin dor\u0119czany jest klientowi w formie umo\u017cliwiaj\u0105cej jego pobranie na trwa\u0142y no\u015bnik, najp\u00f3\u017aniej w wiadomo\u015bci powitalnej przes\u0142anej bezpo\u015brednio po dokonaniu rezerwacji. Klienci, o kt\u00f3rych mowa powy\u017cej w ust. 2, w przypadku niewyra\u017cania zgody na zwi\u0105zanie postanowieniami Regulaminu, upowa\u017cnieni s\u0105 do odwo\u0142ania rezerwacji w terminie 2 dni od dnia otrzymania \u0142\u0105cza umo\u017cliwiaj\u0105cego zapoznanie si\u0119 z Regulaminem. Brak odpowiedzi i nieodwo\u0142anie rezerwacji r\u00f3wnoznaczne jest z akceptacj\u0105 postanowie\u0144 Regulaminu.<\/li>\n<li>Apartament wynajmowany jest na doby.<\/li>\n<li>Doba pobytu w apartamencie trwa od godziny 15:00 do godziny 11:00.<\/li>\n<li>\u017byczenie przed\u0142u\u017cenia pobytu poza okres wskazany w dniu przybycia, go\u015b\u0107 powinien zg\u0142osi\u0107 obs\u0142udze apartamentu z wyprzedzeniem. B\u0119d\u0105 one uwzgl\u0119dniane w miar\u0119 mo\u017cliwo\u015bci. Przed\u0142u\u017cenie pobytu mo\u017ce by\u0107 obj\u0119te dodatkow\u0105 op\u0142at\u0105.<\/li>\n<li>Klucze do apartamentu zostan\u0105 przekazane w lokalnym biurze znajduj\u0105cym si\u0119 w Gda\u0144sku przy ulicy Toru\u0144skiej 15\/U4, 80-747 Gda\u0144sk, otwartym w godzinach 10:00-18:00. Po godzinie 18 mo\u017cliwe jest odebranie kluczy z sejfu, po wcze\u015bniejszym kontakcie z biurem i umo\u017cliwieniu zablokowania na karcie kaucji.<\/li>\n<li>Dok\u0142adny termin i godzina przyjazdu Go\u015bcia do apartamentu powinna zosta\u0107 potwierdzona telefonicznie lub mailowo, najp\u00f3\u017aniej na dzie\u0144 przed przyjazdem, osobie odpowiedzialnej za rezerwacj\u0119 wskazanej przez Apartmore. W przypadku braku mo\u017cliwo\u015bci dotarcia przez Go\u015bcia do apartamentu na um\u00f3wion\u0105 godzin\u0119 Apartmore zastrzega sobie prawo do zmiany miejsca przekazania kluczy.<\/li>\n<li>Zameldowanie po godzinie 24.00 jest opcjonalne i musi by\u0107 ka\u017cdorazowo potwierdzone przez firm\u0119 Apartmore. Go\u015b\u0107 zobowi\u0105zany jest poinformowa\u0107 firm\u0119 Apartmore o zameldowaniu po 24.00 z wyprzedzeniem 24 godzinnym. W przypadku braku takiej informacji, zameldowanie mo\u017ce nie by\u0107 mo\u017cliwe, a rezerwacje mo\u017ce zosta\u0107 odwo\u0142ana z powodu niestawienia si\u0119 go\u015bcia w ustalonym terminie rozpocz\u0119cia najmu.<\/li>\n<li>Podczas zameldowania pobierana jest got\u00f3wk\u0105 odpowiednia op\u0142ata klimatyczna (2,80 z\u0142 za osob\u0119 za dob\u0119; stan na rok 2023).<\/li>\n<li>Do czynno\u015bci zameldowania wymagany jest dow\u00f3d osobisty. Je\u017celi dow\u00f3d osobisty budzi w\u0105tpliwo\u015bci osoby wyznaczonej do kontaktu z go\u015bciem, ma ona prawo poprosi\u0107 o inny dokument potwierdzaj\u0105cy to\u017csamo\u015b\u0107 osoby meldowanej.<\/li>\n<li>Apartmore zastrzega sobie prawo do odmowy przyj\u0119cia Go\u015bcia, bez mo\u017cliwo\u015bci refundacji op\u0142aty za pobyt, kt\u00f3ry:\n<ol>\n<li>nie posiada dowodu to\u017csamo\u015bci lub nie chce okaza\u0107 dowodu to\u017csamo\u015bci<\/li>\n<li>znajduje si\u0119 pod wp\u0142ywem alkoholu lub innych \u015brodk\u00f3w odurzaj\u0105cych<\/li>\n<li>odnosi si\u0119 wulgarnie do pracownik\u00f3w obiektu<\/li>\n<li>stosuje gro\u017aby karalne lub jak\u0105kolwiek form\u0119 szanta\u017cu<\/li>\n<li>odmawia zap\u0142aty za pobyt lub obowi\u0105zkowe op\u0142aty<\/li>\n<li>odmawia dokonania preautoryzacji na karcie<\/li>\n<\/ol>\n<\/li>\n<li>Go\u015b\u0107 za zgod\u0105 Apartmore mo\u017ce przenie\u015b\u0107 wszelkie prawa i obowi\u0105zki wynikaj\u0105ce z zawartej umowy na osob\u0119 trzeci\u0105, pod warunkiem przej\u0119cia przez t\u0105 osob\u0119 wszelkich praw i obowi\u0105zk\u00f3w wynikaj\u0105cych z zawartej umowy.<\/li>\n<li>Go\u015b\u0107 w dniu zameldowania powinien zg\u0142osi\u0107 wszelkie braki lub usterki znajduj\u0105ce si\u0119 w apartamencie.<\/li>\n<li>Niezg\u0142oszenie uwag i zastrze\u017ce\u0144 (w formie co najmniej dokumentowej: sms, email etc.) co do stanu technicznego w dniu zameldowania do apartamentu, r\u00f3wnoznaczne jest z przyj\u0119cie, \u017ce apartament, jak i zawarte w nim sprz\u0119ty, zosta\u0142 oddany do u\u017cytku w stanie nie budz\u0105cym uwag i zastrze\u017ce\u0144 go\u015bcia.<\/li>\n<li>Go\u015b\u0107 ponosi ca\u0142kowit\u0105 odpowiedzialno\u015b\u0107 za szkody w Lokalu lub jego wyposa\u017ceniu oraz nieruchomo\u015bci wsp\u00f3lnej, w tym w cz\u0119\u015bciach wsp\u00f3lnych budynku, w kt\u00f3rym po\u0142o\u017cony jest Lokal, jak i w mieszkaniach s\u0105siaduj\u0105cych z Lokalem, nie wynikaj\u0105ce z normalnego u\u017cytkowania Lokalu, wyrz\u0105dzone przez Klienta oraz przez osoby, kt\u00f3rym w jakikolwiek spos\u00f3b udost\u0119pni\u0142 Lokal do u\u017cytkowania lub przebywania w nim.<\/li>\n<li>Wi\u0119ksze ni\u017c normalne zu\u017cycie r\u0119cznik\u00f3w skutkuj\u0105ce ich zniszczeniem, obci\u0105\u017cane jest dodatkow\u0105 op\u0142at\u0105 w wysoko\u015bci 40 z\u0142 za sztuk\u0119.<\/li>\n<li>Go\u015b\u0107 jest zobowi\u0105zany do naprawienia szk\u00f3d wyrz\u0105dzonych Apartmore oraz osobom trzecim zar\u00f3wno w Lokalu jak i w nieruchomo\u015bciach wsp\u00f3lnych, w tym w cz\u0119\u015bciach wsp\u00f3lnych budynku, jak i lokalach s\u0105siednich, przez siebie oraz osoby, kt\u00f3rym w jakikolwiek spos\u00f3b udost\u0119pni\u0142 Lokal do u\u017cytkowania lub przebywania w nim.. Klient zobowi\u0105zany jest do poinformowania Apartmore lub osoby upowa\u017cnionej o wszelkich usterkach, zniszczeniach lub szkodzie wyrz\u0105dzonej przez niego i osoby, kt\u00f3rym w jakikolwiek spos\u00f3b udost\u0119pni\u0142 Lokal do u\u017cytkowania lub przebywania w nim.<\/li>\n<li>Apartmore zastrzega sobie prawo do naliczenia dodatkowej op\u0142aty za sprz\u0105tanie w przypadku pozostawienia apartamentu w stanie znacznie odbiegaj\u0105cym od normy, obejmuj\u0105cym skrajne zabrudzenie pod\u0142\u00f3g, blat\u00f3w, mebli czy nagromadzenie du\u017cej ilo\u015bci \u015bmieci. Wysoko\u015b\u0107 op\u0142aty b\u0119dzie adekwatna do nak\u0142adu pracy i czasu potrzebnych do przywr\u00f3cenia apartamentu do w\u0142a\u015bciwego stanu, a jej podstaw\u0105 b\u0119dzie dokumentacja fotograficzna sporz\u0105dzona przez serwis sprz\u0105taj\u0105cy.<\/li>\n<li>Tytu\u0142em zabezpieczenia wykonania zobowi\u0105zania, o kt\u00f3rym mowa w ust\u0119pie poprzedzaj\u0105cym, Apartmore pobiera od Klienta, podczas wydawania kluczy do lokalu, kaucj\u0119. Kaucja podlega zwolnieniu w ci\u0105gu 7 dni po opuszczeniu Lokalu, po potr\u0105ceniu r\u00f3wnowarto\u015bci szk\u00f3d wyrz\u0105dzonych przez Klienta oraz osoby, za kt\u00f3re ponosi on odpowiedzialno\u015b\u0107 na podstawie przepis\u00f3w powszechnie obowi\u0105zuj\u0105cych oraz ust. 15 i 17 powy\u017cej.<\/li>\n<li>Potr\u0105cenie nale\u017cno\u015bci Apartmore z kaucji nie wy\u0142\u0105cza mo\u017cliwo\u015bci dochodzenia roszcze\u0144 z tytu\u0142u poniesionych szk\u00f3d, kt\u00f3rych warto\u015b\u0107 przewy\u017csza pobran\u0105 kaucj\u0119.<\/li>\n<li>Apartmore zastrzega sobie prawo do obci\u0105\u017cenia karty Go\u015bcia kwot\u0105 odpowiadaj\u0105c\u0105 r\u00f3wnowarto\u015bci poniesionej straty.<\/li>\n<li>Obs\u0142uga apartamentu ma prawo bez zezwolenia Go\u015bcia wchodzi\u0107 do wynaj\u0119tego apartamentu w przypadku powzi\u0119cia wiadomo\u015bci o wyst\u0105pieniu jakichkolwiek zagro\u017ce\u0144 na bezpiecze\u0144stwu go\u015bci lub mienia,<br \/>\nw przypadku niestosowania si\u0119 Go\u015bci do regulaminu apartamentu, podejrzenia zachowania mog\u0105cego znacznie pogorszy\u0107 stan apartamentu, lub innych sytuacji niezgodnych z zasadami wsp\u00f3\u0142\u017cycia spo\u0142ecznego.\u00a0Apartmore zastrzega sobie prawo do wyproszenia Go\u015bci z apartament\u00f3w w powy\u017cszych sytuacjach.<\/li>\n<li>Liczba os\u00f3b maj\u0105cych zamieszka\u0107 w obiekcie jest ograniczona do liczby zg\u0142oszonej w procesie rezerwacji. Je\u017celi Apartmore powe\u017amie informacj\u0119 o przebywaniu w Lokalu wi\u0119kszej ilo\u015bci os\u00f3b, ni\u017c podana przy rezerwacji liczba Go\u015bci, Najemca zobowi\u0105zuj si\u0119 zap\u0142aci\u0107 kar\u0119 umown\u0105 w wysoko\u015bci 200 z\u0142 za ka\u017cd\u0105 dodatkow\u0105 osob\u0119 za dob\u0119. W przypadku przekroczenia dopuszczalnej liczby os\u00f3b w apartamencie Apartmore mo\u017ce r\u00f3wnie\u017c odm\u00f3wi\u0107 wydania kluczy.<\/li>\n<li>Przebywanie w apartamencie zwierz\u0105t jest niedozwolone. Z\u0142amanie tego zakazu skutkuje obci\u0105\u017ceniem Go\u015bcia kar\u0105 pieni\u0119\u017cn\u0105 w wysoko\u015bci 300 z\u0142 za ka\u017cd\u0105 zarezerwowan\u0105 przez Go\u015bcia dob\u0119. (Chyba, \u017ce ustalono inaczej w formie pisemnej).<\/li>\n<li>W apartamencie obowi\u0105zuje ca\u0142kowity zakaz palenia papieros\u00f3w, wyrob\u00f3w tytoniowych i innych u\u017cywek. W przypadku wyczucia zapachu wy\u017cej wymienionych, Apartmore obci\u0105\u017cy go\u015bcia kwot\u0105 w wysoko\u015bci 500 z\u0142 za wywabianie zapachu.<\/li>\n<li>Go\u015b\u0107 zobowi\u0105zany jest do przestrzegania zasad dobrego s\u0105siedztwa, zachowanie czysto\u015bci w lokalu, na klatkach schodowych oraz w obr\u0119bie zajmowanego budynku i utrzymywania wynaj\u0119tego apartamentu w nale\u017cytym stanie.<\/li>\n<li>Je\u017celi w skutek zak\u0142\u00f3cania przez Go\u015bci porz\u0105dku przedstawiciel Apartmore zostanie wezwany do Apartamentu lub wezwana do interwencji zostanie Stra\u017c Miejska lub Policja, Apartmore uprawniony b\u0119dzie do natychmiastowego rozwi\u0105zania umowy z winy klienta, zachowuj\u0105c uprawnienie do zatrzymania ca\u0142ej ustalonej ceny najmu i jednocze\u015bnie ma prawo obci\u0105\u017cy\u0107 Go\u015bcia kwot\u0105 1000 z\u0142 kary.<\/li>\n<li>W dniu wyjazdu Go\u015b\u0107 zobowi\u0105zany jest udost\u0119pni\u0107 Apartmore wynajmowany lokal w celu skontrolowania jego stanu.<\/li>\n<li>Klient ponosi pe\u0142n\u0105 odpowiedzialno\u015b\u0107 za powierzone mu klucze do Lokalu oraz piloty do bram wjazdowych (o ile rezerwacja obejmuje miejsce gara\u017cowe). Zagubienie klucza lub pilota obci\u0105\u017cane jest dodatkow\u0105 op\u0142at\u0105 w wysoko\u015bci 100,00 z\u0142\u00a0za sztuk\u0119<\/li>\n<li>Wcze\u015bniejszy wyjazd Go\u015bcia, z przyczyn niezale\u017cnych od w\u0142a\u015bcicieli apartamentu, nie uprawnia go do \u017c\u0105dania zwrotu kwoty za niewykorzystane \u015bwiadczenie.<\/li>\n<li>W przypadku znalezienia w apartamencie rzeczy nale\u017c\u0105cych do Go\u015bcia, pozostawionych po wyje\u017adzie, Go\u015b\u0107 mo\u017ce zam\u00f3wi\u0107 kuriera po ich odbi\u00f3r. Rzeczy nie b\u0119d\u0105 przechowywane d\u0142u\u017cej ni\u017c 2 tygodnie od daty wymeldowania. Produkty spo\u017cywcze i kosmetyki nie bed\u0105 przechowywane.<\/li>\n<li>Firma zastrzega sobie prawo, w przypadkach nag\u0142ych usterek lub innych zdarze\u0144 losowych, do skr\u00f3cenia rezerwacji i zwrotu \u015brodk\u00f3w za niewykorzystane noclegi.<\/li>\n<li>Do kwestii nieuregulowanych niniejszym regulaminem maj\u0105 zastosowanie przepisy Kodeksu Cywilnego.<\/li>\n<li>S\u0105dem w\u0142a\u015bciwym dla rozwi\u0105zywania wszelkich spor\u00f3w jest s\u0105d w\u0142a\u015bciwy dla Apartmore Joanna Winiarska.<\/li>\n<li>W przypadku wyst\u0105pienia r\u00f3\u017cnic pomi\u0119dzy wyk\u0142adni\u0105 wersji polskiej i angielskiej Regulaminu, obowi\u0105zuj\u0105c\u0105 wersj\u0105 jest wersja sporz\u0105dzona w j\u0119zyku polskim.<\/li>\n<\/ol>\n<p>Klauzula informacyjna RODO<\/p>\n<ol>\n<li>Administratorem danych osobowych os\u00f3b zainteresowanych rezerwacj\u0105 apartament\u00f3w oferowanych przez Apartmore Joanna Winiarska (zwanych dalej \u201eKlientami\u201d lub pojedynczo \u201eKlientem\u201d) jest <strong>Apartmore sp z o.o.\u00a0<\/strong>z siedzib\u0105 w Gda\u0144sku (80-749), przy ul. Jaglanej 6c\/5, NIP: 5833510035 \u2013 dalej zwany \u201eAdministratorem)\u201d.<\/li>\n<li>W sprawach zwi\u0105zanych z przetwarzaniem i ochron\u0105 danych osobowych prosimy kontaktowa\u0107 si\u0119 z Administratorem pod adresem e-mail: kontakt@apartmore.pl.<\/li>\n<li>Podane przez Klienta dane osobowe przetwarzane na podstawie art. 6 ust. 1 lit. b RODO &#8211; tj. z uwagi na fakt, \u017ce przetwarzanie jest niezb\u0119dne do wykonania umowy, kt\u00f3rej stron\u0105 jest osoba, kt\u00f3rej dane dotycz\u0105, lub do podj\u0119cia dzia\u0142a\u0144 na \u017c\u0105danie osoby, kt\u00f3rej dane dotycz\u0105, przed zawarciem umowy.<\/li>\n<li>Dane osobowe Klienta mog\u0105 by\u0107 ujawniane, udost\u0119pniane odbiorcom lub stronom trzecim, kt\u00f3rymi mog\u0105 by\u0107 podmioty, kt\u00f3rym Administrator powierza przetwarzanie danych osobowych na mocy i w oparciu o umowy powierzenia i zgodnie z wymogami art. 28 RODO: dostawcom IT oraz innym podmiotom przetwarzaj\u0105cym dane osobowe w imieniu Administratora, w tym tak\u017ce tym dostawcom us\u0142ug dodatkowych przy kt\u00f3rych rezerwacji po\u015bredniczymy oraz od kt\u00f3rych dane s\u0105 nam przekazywane takich jak m.in. Booking.com B.V., Airbnb, Inc.<\/li>\n<li>Dane osobowe Klienta b\u0119d\u0105 przechowywane przez nast\u0119puj\u0105cy okres czasu:\n<ol>\n<li>w celu wykonania umowy (art. 6 ust. 1 lit. b RODO) \u2013 s\u0105 przetwarzane przez okres trwania umowy, a tak\u017ce po jej zako\u0144czeniu, w szczeg\u00f3lno\u015bci w zakresie imienia, nazwiska, adresu e-mail, numeru telefonu, kt\u00f3re s\u0105 konieczne w ca\u0142ym procesie rezerwacyjnym przez czas okre\u015blony w przepisach szczeg\u00f3lnych, jednak nie d\u0142u\u017cszy ni\u017c przez 6 lat.<\/li>\n<li>gdy przetwarzanie jest niezb\u0119dne do wype\u0142nienia obowi\u0105zku prawnego ci\u0105\u017c\u0105cego na administratorze (art. 6 ust. 1 lit. c RODO) b\u0119d\u0105 przechowywane w zwi\u0105zku z archiwizacj\u0105 danych zwi\u0105zanych z obowi\u0105zkiem podatkowym przez okres 5 lat, licz\u0105c od ko\u0144ca roku kalendarzowego, w kt\u00f3rym dokonano ich archiwizacji. Po up\u0142ywie tego okresu, Administrator usuwa dane je\u017celi nie posiada innej podstawy ich przetwarzania.<\/li>\n<li>niekt\u00f3re dane osobowe (art. 6 ust. 1 lit. f RODO), w szczeg\u00f3lno\u015bci w zakresie imienia, nazwiska, adresu e-mail, numeru telefonu, b\u0119d\u0105 przetwarzane przez okres niezb\u0119dny do realizacji prawnie uzasadnionego interesu, jakim dochodzenie roszcze\u0144 lub obrona przed ewentualnymi roszczeniami &#8211; jednak nie d\u0142u\u017cej ni\u017c przez okres 6 lat od rozpocz\u0119cia ustawowego okresu przedawnienia w ka\u017cdym konkretnym przypadku.<\/li>\n<li>je\u017celi dane osobowe przetwarzane s\u0105 wy\u0142\u0105cznie na podstawie zgody do komunikacji marketingowej (art. 6 ust. 1 lit. a RODO), dane przetwarzane b\u0119d\u0105 przez czas obowi\u0105zywania zgody, kt\u00f3r\u0105 osoba, kt\u00f3rej dane dotycz\u0105 mo\u017ce cofn\u0105\u0107 lub ograniczy\u0107 w dowolnym momencie.<\/li>\n<\/ol>\n<\/li>\n<li>W przypadku przetwarzania danych osobowych w oparciu o udzielon\u0105 przez Klienta zgod\u0119, wszystkie udzielone przez Klienta zgody na przetwarzanie ich danych osobowych mog\u0105 by\u0107 wycofane w dowolnym momencie, bez wp\u0142ywu na zgodno\u015b\u0107 z prawem przetwarzania, kt\u00f3rego dokonano na podstawie zgody przed jej cofni\u0119ciem.<\/li>\n<li>Klientowi przys\u0142uguje ponadto prawo \u017c\u0105dania od Administratora danych dost\u0119pu do tre\u015bci swoich danych, ich sprostowania, usuni\u0119cia, ograniczenia przetwarzania, wniesienia sprzeciwu wobec przetwarzania, a tak\u017ce prawo do przenoszenia danych, gdy Klient uzna, i\u017c przetwarzanie jego danych osobowych narusza przepisy RODO.<\/li>\n<li>Podanie przez Klienta jego danych osobowych ma charakter dobrowolny, jednak brak podania danych przez Klienta b\u0119dzie skutkowa\u0142 brakiem mo\u017cliwo\u015bci skorzystania z us\u0142ugi rezerwacji, w tym brakiem mo\u017cliwo\u015bci kontaktu z Administratorem, a tak\u017ce brakiem mo\u017cliwo\u015bci przesy\u0142ania Klientowi informacji handlowych dotycz\u0105cych ofert Administratora.<\/li>\n<\/ol>\n","protected":false},"excerpt":{"rendered":"<p>REGULAMIN WYNAJMU APARTAMENTU Dokonanie rezerwacji za po\u015brednictwem witryny Apartmore (https:\/\/apartmore.pl\/) r\u00f3wnoznaczne jest z akceptacj\u0105 postanowie\u0144 niniejszego Regulaminu. W przypadku dokonania rezerwacji za po\u015brednictwem partner\u00f3w Apartmore, takich jak Booking.com lub Airbnb.com, Regulamin dor\u0119czany jest klientowi w formie umo\u017cliwiaj\u0105cej jego pobranie na trwa\u0142y no\u015bnik, najp\u00f3\u017aniej w wiadomo\u015bci powitalnej przes\u0142anej bezpo\u015brednio po dokonaniu rezerwacji. Klienci, o kt\u00f3rych mowa<a class=\"excerpt-read-more\" href=\"https:\/\/apartmore.pl\/pl\/regulamin-wynajmu-apartamentu\/\" title=\"ReadRegulamin Wynajmu Apartamentu\">&#8230; Read more &raquo;<\/a><\/p>\n","protected":false},"author":3,"featured_media":0,"parent":0,"menu_order":0,"comment_status":"closed","ping_status":"closed","template":"","meta":{"footnotes":""},"class_list":["post-1558","page","type-page","status-publish","hentry"],"yoast_head":"<!-- This site is optimized with the Yoast SEO plugin v25.3.1 - https:\/\/yoast.com\/wordpress\/plugins\/seo\/ -->\n<title>Regulamin Wynajmu Apartament\u00f3w - Wz\u00f3r i pliki PDF\/DOC\/DOCX<\/title>\n<meta name=\"description\" content=\"Zasady obowi\u0105zuj\u0105ce w naszych apartamentach. Przeczytaj nasz regulamin wynajmuj apartametu oraz pobierz wz\u00f3r PDF\/DOC\/DOCX.\" \/>\n<meta name=\"robots\" content=\"index, follow, max-snippet:-1, max-image-preview:large, max-video-preview:-1\" \/>\n<link rel=\"canonical\" href=\"https:\/\/apartmore.pl\/pl\/regulamin-wynajmu-apartamentu\/\" \/>\n<meta property=\"og:locale\" content=\"pl_PL\" \/>\n<meta property=\"og:type\" content=\"article\" \/>\n<meta property=\"og:title\" content=\"Apartmore | Regulamin Wynajmu Apartament\u00f3w\" \/>\n<meta property=\"og:description\" content=\"Apartmore | Zasady obowi\u0105zuj\u0105ce w naszych apartamentach.\" \/>\n<meta property=\"og:url\" content=\"https:\/\/apartmore.pl\/pl\/regulamin-wynajmu-apartamentu\/\" \/>\n<meta property=\"og:site_name\" content=\"APARTMORE\" \/>\n<meta property=\"article:publisher\" content=\"https:\/\/www.facebook.com\/ApartmoreApartments\/\" \/>\n<meta property=\"article:modified_time\" content=\"2025-02-21T11:00:22+00:00\" \/>\n<meta property=\"og:image\" content=\"https:\/\/apartmore.pl\/wp-content\/uploads\/2017\/12\/do-googla.jpg\" \/>\n\t<meta property=\"og:image:width\" content=\"1932\" \/>\n\t<meta property=\"og:image:height\" content=\"1904\" \/>\n\t<meta property=\"og:image:type\" content=\"image\/jpeg\" \/>\n<meta name=\"twitter:card\" content=\"summary_large_image\" \/>\n<meta name=\"twitter:label1\" content=\"Szacowany czas czytania\" \/>\n\t<meta name=\"twitter:data1\" content=\"10 minut\" \/>\n<script type=\"application\/ld+json\" class=\"yoast-schema-graph\">{\"@context\":\"https:\/\/schema.org\",\"@graph\":[{\"@type\":\"WebPage\",\"@id\":\"https:\/\/apartmore.pl\/pl\/regulamin-wynajmu-apartamentu\/\",\"url\":\"https:\/\/apartmore.pl\/pl\/regulamin-wynajmu-apartamentu\/\",\"name\":\"Regulamin Wynajmu Apartament\u00f3w - Wz\u00f3r i pliki PDF\/DOC\/DOCX\",\"isPartOf\":{\"@id\":\"https:\/\/apartmore.pl\/pl\/#website\"},\"datePublished\":\"2017-12-07T13:52:25+00:00\",\"dateModified\":\"2025-02-21T11:00:22+00:00\",\"description\":\"Zasady obowi\u0105zuj\u0105ce w naszych apartamentach. Przeczytaj nasz regulamin wynajmuj apartametu oraz pobierz wz\u00f3r PDF\/DOC\/DOCX.\",\"breadcrumb\":{\"@id\":\"https:\/\/apartmore.pl\/pl\/regulamin-wynajmu-apartamentu\/#breadcrumb\"},\"inLanguage\":\"pl-PL\",\"potentialAction\":[{\"@type\":\"ReadAction\",\"target\":[\"https:\/\/apartmore.pl\/pl\/regulamin-wynajmu-apartamentu\/\"]}]},{\"@type\":\"BreadcrumbList\",\"@id\":\"https:\/\/apartmore.pl\/pl\/regulamin-wynajmu-apartamentu\/#breadcrumb\",\"itemListElement\":[{\"@type\":\"ListItem\",\"position\":1,\"name\":\"Home\",\"item\":\"https:\/\/apartmore.pl\/pl\/\"},{\"@type\":\"ListItem\",\"position\":2,\"name\":\"Regulamin Wynajmu Apartamentu\"}]},{\"@type\":\"WebSite\",\"@id\":\"https:\/\/apartmore.pl\/pl\/#website\",\"url\":\"https:\/\/apartmore.pl\/pl\/\",\"name\":\"APARTMORE\",\"description\":\"Znajd\u017a wymarzony apartament w samym sercu Gda\u0144ska\",\"potentialAction\":[{\"@type\":\"SearchAction\",\"target\":{\"@type\":\"EntryPoint\",\"urlTemplate\":\"https:\/\/apartmore.pl\/pl\/?s={search_term_string}\"},\"query-input\":{\"@type\":\"PropertyValueSpecification\",\"valueRequired\":true,\"valueName\":\"search_term_string\"}}],\"inLanguage\":\"pl-PL\"}]}<\/script>\n<!-- \/ Yoast SEO plugin. -->","yoast_head_json":{"title":"Regulamin Wynajmu Apartament\u00f3w - Wz\u00f3r i pliki PDF\/DOC\/DOCX","description":"Zasady obowi\u0105zuj\u0105ce w naszych apartamentach. Przeczytaj nasz regulamin wynajmuj apartametu oraz pobierz wz\u00f3r PDF\/DOC\/DOCX.","robots":{"index":"index","follow":"follow","max-snippet":"max-snippet:-1","max-image-preview":"max-image-preview:large","max-video-preview":"max-video-preview:-1"},"canonical":"https:\/\/apartmore.pl\/pl\/regulamin-wynajmu-apartamentu\/","og_locale":"pl_PL","og_type":"article","og_title":"Apartmore | Regulamin Wynajmu Apartament\u00f3w","og_description":"Apartmore | Zasady obowi\u0105zuj\u0105ce w naszych apartamentach.","og_url":"https:\/\/apartmore.pl\/pl\/regulamin-wynajmu-apartamentu\/","og_site_name":"APARTMORE","article_publisher":"https:\/\/www.facebook.com\/ApartmoreApartments\/","article_modified_time":"2025-02-21T11:00:22+00:00","og_image":[{"width":1932,"height":1904,"url":"https:\/\/apartmore.pl\/wp-content\/uploads\/2017\/12\/do-googla.jpg","type":"image\/jpeg"}],"twitter_card":"summary_large_image","twitter_misc":{"Szacowany czas czytania":"10 minut"},"schema":{"@context":"https:\/\/schema.org","@graph":[{"@type":"WebPage","@id":"https:\/\/apartmore.pl\/pl\/regulamin-wynajmu-apartamentu\/","url":"https:\/\/apartmore.pl\/pl\/regulamin-wynajmu-apartamentu\/","name":"Regulamin Wynajmu Apartament\u00f3w - Wz\u00f3r i pliki PDF\/DOC\/DOCX","isPartOf":{"@id":"https:\/\/apartmore.pl\/pl\/#website"},"datePublished":"2017-12-07T13:52:25+00:00","dateModified":"2025-02-21T11:00:22+00:00","description":"Zasady obowi\u0105zuj\u0105ce w naszych apartamentach. Przeczytaj nasz regulamin wynajmuj apartametu oraz pobierz wz\u00f3r PDF\/DOC\/DOCX.","breadcrumb":{"@id":"https:\/\/apartmore.pl\/pl\/regulamin-wynajmu-apartamentu\/#breadcrumb"},"inLanguage":"pl-PL","potentialAction":[{"@type":"ReadAction","target":["https:\/\/apartmore.pl\/pl\/regulamin-wynajmu-apartamentu\/"]}]},{"@type":"BreadcrumbList","@id":"https:\/\/apartmore.pl\/pl\/regulamin-wynajmu-apartamentu\/#breadcrumb","itemListElement":[{"@type":"ListItem","position":1,"name":"Home","item":"https:\/\/apartmore.pl\/pl\/"},{"@type":"ListItem","position":2,"name":"Regulamin Wynajmu Apartamentu"}]},{"@type":"WebSite","@id":"https:\/\/apartmore.pl\/pl\/#website","url":"https:\/\/apartmore.pl\/pl\/","name":"APARTMORE","description":"Znajd\u017a wymarzony apartament w samym sercu Gda\u0144ska","potentialAction":[{"@type":"SearchAction","target":{"@type":"EntryPoint","urlTemplate":"https:\/\/apartmore.pl\/pl\/?s={search_term_string}"},"query-input":{"@type":"PropertyValueSpecification","valueRequired":true,"valueName":"search_term_string"}}],"inLanguage":"pl-PL"}]}},"_links":{"self":[{"href":"https:\/\/apartmore.pl\/pl\/wp-json\/wp\/v2\/pages\/1558","targetHints":{"allow":["GET"]}}],"collection":[{"href":"https:\/\/apartmore.pl\/pl\/wp-json\/wp\/v2\/pages"}],"about":[{"href":"https:\/\/apartmore.pl\/pl\/wp-json\/wp\/v2\/types\/page"}],"author":[{"embeddable":true,"href":"https:\/\/apartmore.pl\/pl\/wp-json\/wp\/v2\/users\/3"}],"replies":[{"embeddable":true,"href":"https:\/\/apartmore.pl\/pl\/wp-json\/wp\/v2\/comments?post=1558"}],"version-history":[{"count":39,"href":"https:\/\/apartmore.pl\/pl\/wp-json\/wp\/v2\/pages\/1558\/revisions"}],"predecessor-version":[{"id":6653,"href":"https:\/\/apartmore.pl\/pl\/wp-json\/wp\/v2\/pages\/1558\/revisions\/6653"}],"wp:attachment":[{"href":"https:\/\/apartmore.pl\/pl\/wp-json\/wp\/v2\/media?parent=1558"}],"curies":[{"name":"wp","href":"https:\/\/api.w.org\/{rel}","templated":true}]}}