{"id":6740,"date":"2025-03-03T20:50:11","date_gmt":"2025-03-03T19:50:11","guid":{"rendered":"https:\/\/apartmore.pl\/?page_id=6740"},"modified":"2025-03-03T20:57:45","modified_gmt":"2025-03-03T19:57:45","slug":"corporate-rentals","status":"publish","type":"page","link":"https:\/\/apartmore.pl\/en\/corporate-rentals\/","title":{"rendered":"Corporate Rentals"},"content":{"rendered":"<div class=\"fw-page-builder-content\">\n<h2 class=\"blockTitle\"><\/h2>\n<p data-start=\"406\" data-end=\"427\">Our company provides complete support of a dedicated assistant, who will guide you through every stage of the rental process. With our diverse selection of apartments, we can find the perfect accommodation to meet the Client\u2019s needs.<\/p>\n<h3 data-start=\"406\" data-end=\"427\">APARTMENTS<\/h3>\n<p>Fully furnished and equipped with all essential amenitiesAccess to a fitness area: gym and saunaTechnical support (including repairs and maintenance)Cleaning services during the stay (as per agreement, e.g., weekly)Guaranteed parking space (included or for an additional fee, depending on the offer)<\/p>\n<h3 data-start=\"784\" data-end=\"805\">LOCATION<\/h3>\n<p>Modern apartment buildings in the heart of Gda\u0144sk, close to major transportation links and essential services.<\/p>\n<h3 data-start=\"876\" data-end=\"893\">PRICING<\/h3>\n<p data-start=\"937\" data-end=\"1094\">We offer flexible rates tailored to the Client\u2019s budget and specific needs. Contact us for more details on our offer.<\/p>\n<h1 class='fw-special-title'>Contact<\/h1>\n<p>???? <a style=\"color: #ffffff;\" href=\"tel:+48606314657\">+48 606 314 657<\/a><\/p>\n<p>???? <a style=\"color: #ffffff;\" href=\"tel:+48603570008\">+48 603 570 008<\/a><\/p>\n<p>???? <a style=\"color: #ffffff;\" href=\"mailto:wspolpraca@apartmore.pl\" rel=\"noopener\" data-start=\"1141\" data-end=\"1164\">wspolpraca@apartmore.pl<\/a><\/p>\n<p><!-- 2923cf88b7c02fd55ddabf5ef01687fd --><\/div>\n","protected":false},"excerpt":{"rendered":"<p>Our company provides complete support of a dedicated assistant, who will guide you through every stage of the rental process. With our diverse selection of apartments, we can find the perfect accommodation to meet the Client\u2019s needs. APARTMENTS Fully furnished and equipped with all essential amenitiesAccess to a fitness area: gym and saunaTechnical support (including<a class=\"excerpt-read-more\" href=\"https:\/\/apartmore.pl\/en\/corporate-rentals\/\" title=\"ReadCorporate Rentals\">&#8230; Read more &raquo;<\/a><\/p>\n","protected":false},"author":8,"featured_media":0,"parent":0,"menu_order":0,"comment_status":"closed","ping_status":"closed","template":"templates\/template-coop.php","meta":{"footnotes":""},"class_list":["post-6740","page","type-page","status-publish","hentry"],"yoast_head":"<!-- This site is optimized with the Yoast SEO plugin v25.3.1 - https:\/\/yoast.com\/wordpress\/plugins\/seo\/ -->\n<title>Corporate Rentals Gda\u0144sk - Business trip<\/title>\n<meta name=\"robots\" content=\"index, follow, max-snippet:-1, max-image-preview:large, max-video-preview:-1\" \/>\n<link rel=\"canonical\" href=\"https:\/\/apartmore.pl\/en\/corporate-rentals\/\" \/>\n<meta property=\"og:locale\" content=\"en_US\" \/>\n<meta property=\"og:type\" content=\"article\" \/>\n<meta property=\"og:title\" content=\"Apartmore | Wsp\u00f3\u0142praca z w\u0142a\u015bcicielami apartament\u00f3w\" \/>\n<meta property=\"og:description\" content=\"Wsp\u00f3\u0142praca z Apartmore to osi\u0105ganie najwy\u017cszych dochod\u00f3w z Pa\u0144stwa nieruchomo\u015bci i oszcz\u0119dno\u015b\u0107 czasu potrzebnego na obs\u0142ug\u0119 wynajmu apartamentu.\" \/>\n<meta property=\"og:url\" content=\"https:\/\/apartmore.pl\/en\/corporate-rentals\/\" \/>\n<meta property=\"og:site_name\" content=\"Apartmore\" \/>\n<meta property=\"article:publisher\" content=\"https:\/\/www.facebook.com\/ApartmoreApartments\/\" \/>\n<meta property=\"article:modified_time\" content=\"2025-03-03T19:57:45+00:00\" \/>\n<meta property=\"og:image\" content=\"https:\/\/apartmore.pl\/wp-content\/uploads\/2017\/12\/do-googla.jpg\" \/>\n\t<meta property=\"og:image:width\" content=\"1932\" \/>\n\t<meta property=\"og:image:height\" content=\"1904\" \/>\n\t<meta property=\"og:image:type\" content=\"image\/jpeg\" \/>\n<meta name=\"twitter:card\" content=\"summary_large_image\" \/>\n<meta name=\"twitter:label1\" content=\"Est. reading time\" \/>\n\t<meta name=\"twitter:data1\" content=\"1 minute\" \/>\n<script type=\"application\/ld+json\" class=\"yoast-schema-graph\">{\"@context\":\"https:\/\/schema.org\",\"@graph\":[{\"@type\":\"WebPage\",\"@id\":\"https:\/\/apartmore.pl\/en\/corporate-rentals\/\",\"url\":\"https:\/\/apartmore.pl\/en\/corporate-rentals\/\",\"name\":\"Corporate Rentals Gda\u0144sk - Business trip\",\"isPartOf\":{\"@id\":\"https:\/\/apartmore.pl\/pl\/#website\"},\"datePublished\":\"2025-03-03T19:50:11+00:00\",\"dateModified\":\"2025-03-03T19:57:45+00:00\",\"breadcrumb\":{\"@id\":\"https:\/\/apartmore.pl\/en\/corporate-rentals\/#breadcrumb\"},\"inLanguage\":\"en-US\",\"potentialAction\":[{\"@type\":\"ReadAction\",\"target\":[\"https:\/\/apartmore.pl\/en\/corporate-rentals\/\"]}]},{\"@type\":\"BreadcrumbList\",\"@id\":\"https:\/\/apartmore.pl\/en\/corporate-rentals\/#breadcrumb\",\"itemListElement\":[{\"@type\":\"ListItem\",\"position\":1,\"name\":\"Home\",\"item\":\"https:\/\/apartmore.pl\/en\/\"},{\"@type\":\"ListItem\",\"position\":2,\"name\":\"Corporate Rentals\"}]},{\"@type\":\"WebSite\",\"@id\":\"https:\/\/apartmore.pl\/pl\/#website\",\"url\":\"https:\/\/apartmore.pl\/pl\/\",\"name\":\"Apartmore\",\"description\":\"Best locations for accommodation in Gdansk, Airport transfer, Tourist assistance and concierge, cooperation with SPA and much more.\",\"potentialAction\":[{\"@type\":\"SearchAction\",\"target\":{\"@type\":\"EntryPoint\",\"urlTemplate\":\"https:\/\/apartmore.pl\/pl\/?s={search_term_string}\"},\"query-input\":{\"@type\":\"PropertyValueSpecification\",\"valueRequired\":true,\"valueName\":\"search_term_string\"}}],\"inLanguage\":\"en-US\"}]}<\/script>\n<!-- \/ Yoast SEO plugin. -->","yoast_head_json":{"title":"Corporate Rentals Gda\u0144sk - Business trip","robots":{"index":"index","follow":"follow","max-snippet":"max-snippet:-1","max-image-preview":"max-image-preview:large","max-video-preview":"max-video-preview:-1"},"canonical":"https:\/\/apartmore.pl\/en\/corporate-rentals\/","og_locale":"en_US","og_type":"article","og_title":"Apartmore | Wsp\u00f3\u0142praca z w\u0142a\u015bcicielami apartament\u00f3w","og_description":"Wsp\u00f3\u0142praca z Apartmore to osi\u0105ganie najwy\u017cszych dochod\u00f3w z Pa\u0144stwa nieruchomo\u015bci i oszcz\u0119dno\u015b\u0107 czasu potrzebnego na obs\u0142ug\u0119 wynajmu apartamentu.","og_url":"https:\/\/apartmore.pl\/en\/corporate-rentals\/","og_site_name":"Apartmore","article_publisher":"https:\/\/www.facebook.com\/ApartmoreApartments\/","article_modified_time":"2025-03-03T19:57:45+00:00","og_image":[{"width":1932,"height":1904,"url":"https:\/\/apartmore.pl\/wp-content\/uploads\/2017\/12\/do-googla.jpg","type":"image\/jpeg"}],"twitter_card":"summary_large_image","twitter_misc":{"Est. reading time":"1 minute"},"schema":{"@context":"https:\/\/schema.org","@graph":[{"@type":"WebPage","@id":"https:\/\/apartmore.pl\/en\/corporate-rentals\/","url":"https:\/\/apartmore.pl\/en\/corporate-rentals\/","name":"Corporate Rentals Gda\u0144sk - Business trip","isPartOf":{"@id":"https:\/\/apartmore.pl\/pl\/#website"},"datePublished":"2025-03-03T19:50:11+00:00","dateModified":"2025-03-03T19:57:45+00:00","breadcrumb":{"@id":"https:\/\/apartmore.pl\/en\/corporate-rentals\/#breadcrumb"},"inLanguage":"en-US","potentialAction":[{"@type":"ReadAction","target":["https:\/\/apartmore.pl\/en\/corporate-rentals\/"]}]},{"@type":"BreadcrumbList","@id":"https:\/\/apartmore.pl\/en\/corporate-rentals\/#breadcrumb","itemListElement":[{"@type":"ListItem","position":1,"name":"Home","item":"https:\/\/apartmore.pl\/en\/"},{"@type":"ListItem","position":2,"name":"Corporate Rentals"}]},{"@type":"WebSite","@id":"https:\/\/apartmore.pl\/pl\/#website","url":"https:\/\/apartmore.pl\/pl\/","name":"Apartmore","description":"Best locations for accommodation in Gdansk, Airport transfer, Tourist assistance and concierge, cooperation with SPA and much more.","potentialAction":[{"@type":"SearchAction","target":{"@type":"EntryPoint","urlTemplate":"https:\/\/apartmore.pl\/pl\/?s={search_term_string}"},"query-input":{"@type":"PropertyValueSpecification","valueRequired":true,"valueName":"search_term_string"}}],"inLanguage":"en-US"}]}},"_links":{"self":[{"href":"https:\/\/apartmore.pl\/en\/wp-json\/wp\/v2\/pages\/6740","targetHints":{"allow":["GET"]}}],"collection":[{"href":"https:\/\/apartmore.pl\/en\/wp-json\/wp\/v2\/pages"}],"about":[{"href":"https:\/\/apartmore.pl\/en\/wp-json\/wp\/v2\/types\/page"}],"author":[{"embeddable":true,"href":"https:\/\/apartmore.pl\/en\/wp-json\/wp\/v2\/users\/8"}],"replies":[{"embeddable":true,"href":"https:\/\/apartmore.pl\/en\/wp-json\/wp\/v2\/comments?post=6740"}],"version-history":[{"count":3,"href":"https:\/\/apartmore.pl\/en\/wp-json\/wp\/v2\/pages\/6740\/revisions"}],"predecessor-version":[{"id":6749,"href":"https:\/\/apartmore.pl\/en\/wp-json\/wp\/v2\/pages\/6740\/revisions\/6749"}],"wp:attachment":[{"href":"https:\/\/apartmore.pl\/en\/wp-json\/wp\/v2\/media?parent=6740"}],"curies":[{"name":"wp","href":"https:\/\/api.w.org\/{rel}","templated":true}]}}