{"id":1583,"date":"2017-12-10T12:05:01","date_gmt":"2017-12-10T11:05:01","guid":{"rendered":"http:\/\/apartmore.pl\/?page_id=1583"},"modified":"2017-12-14T11:36:14","modified_gmt":"2017-12-14T10:36:14","slug":"jandrefb","status":"publish","type":"page","link":"https:\/\/apartmore.pl\/en\/jandrefb\/","title":{"rendered":"Book the apartment in the city center of Gda\u0144sk and get a massage free"},"content":{"rendered":"<div class=\"fw-page-builder-content\">\n<p style=\"text-align: center;\">In cooperation with <a href=\"http:\/\/www.jandre.pl\/en\/\">Jacques Andr\u00e9 Hair and Spa<\/a>, we have prepared for you a special offer.<\/p>\n<\/p>\n<p> <img loading=\"lazy\" decoding=\"async\" src=\"http:\/\/apartmore.pl\/wp-content\/uploads\/2017\/09\/0-2-300x200.jpg\" alt=\"http:\/\/apartmore.pl\/wp-content\/uploads\/2017\/09\/0-2-300x200.jpg\" width=\"300\" height=\"200\" \/><\/p>\n<h2>ACCOMMODATION<\/h2>\n<p>Check out our offer of apartments in the best locations in Gda\u0144sk.<\/p>\n<p>Spend 15% of the accommodation price, made via our website, for any SPA treatment in Jacques Andr\u00e9 Hair&amp;Spa in the city centre with a voucherthat you&#8217;ll get during the check-in.<\/p>\n<p> <img loading=\"lazy\" decoding=\"async\" src=\"http:\/\/apartmore.pl\/wp-content\/uploads\/2017\/11\/airportransfer2-300x200.jpg\" alt=\"http:\/\/apartmore.pl\/wp-content\/uploads\/2017\/11\/airportransfer2-300x200.jpg\" width=\"300\" height=\"200\" \/><\/p>\n<h2>AIRPORT TRANSFER<\/h2>\n<p>We\u2019re cooperating with trusted taxi company, their driver is waiting for you in the arrivals hall and drives you straight to your chosen destination.Fixed price, the shortest route and modern cars.No more price misunderstanding with taxi drivers.<a href=\"http:\/\/apartmore.pl\/airpot-transfer\/?lang=en\" target=\"_blank\" rel=\"noopener\">Contact us to book<\/a><\/p>\n<p>*You can book the transfer even if you don\u2019t take up our accommodation offer.<\/p>\n<p> <img loading=\"lazy\" decoding=\"async\" src=\"http:\/\/apartmore.pl\/wp-content\/uploads\/2017\/11\/Move_AskAConcierge_RogerGeadah_March2016-300x200.jpg\" alt=\"http:\/\/apartmore.pl\/wp-content\/uploads\/2017\/11\/Move_AskAConcierge_RogerGeadah_March2016-300x200.jpg\" width=\"300\" height=\"200\" \/><\/p>\n<h2>CONCIERGE<\/h2>\n<p>We have a concierge speaking English, Spanish and Polish available at your service. We can help you with anything during your visit in Gda\u0144sk,and our assitance is included in the apartment price. If you have any special needs &#8211; <a href=\"http:\/\/apartmore.pl\/contact\/?lang=en\">let us know<\/a>, and we\u2019ll see what we can do for you.<\/p>\n<h1 class='fw-special-title'>Have you already booked accommodation?<\/h1>\n<p style=\"text-align: center;\">You can still take up our offer. The mayority of companies allows free cancellations up to 7 days before arrival.<\/p>\n<p style=\"text-align: center;\">If you have any questions, <a href=\"http:\/\/apartmore.pl\/contact\/?lang=en\">contact us<\/a>.<\/p>\n<p>\n <a name='map7'><\/a><br \/>\n Pobieranie wskaz\u00f3wek&#8230;&#8230;<br \/>\n <a href='javascript:void(0)' onclick='wpgmza_reset_directions(7);' id='wpgmaps_reset_directions' title='Wyczy\u015b\u0107 wskaz\u00f3wki'>Wyczy\u015b\u0107 wskaz\u00f3wki<\/a><br \/>\n <a href='' id='wpgmaps_print_directions_7' title='Print directions'>Print directions<\/a>\n <\/p>\n<p><!-- 19ff60007563f0c8c208c74996cdf8c9 --><\/div>\n","protected":false},"excerpt":{"rendered":"<p>In cooperation with Jacques Andr\u00e9 Hair and Spa, we have prepared for you a special offer. ACCOMMODATION Check out our offer of apartments in the best locations in Gda\u0144sk. Spend 15% of the accommodation price, made via our website, for any SPA treatment in Jacques Andr\u00e9 Hair&amp;Spa in the city centre with a voucherthat you&#8217;ll<a class=\"excerpt-read-more\" href=\"https:\/\/apartmore.pl\/en\/jandrefb\/\" title=\"ReadBook the apartment in the city center of Gda\u0144sk and get a massage free\">&#8230; Read more &raquo;<\/a><\/p>\n","protected":false},"author":3,"featured_media":0,"parent":0,"menu_order":0,"comment_status":"closed","ping_status":"closed","template":"templates\/template-private.php","meta":{"footnotes":""},"class_list":["post-1583","page","type-page","status-publish","hentry"],"yoast_head":"<!-- This site is optimized with the Yoast SEO plugin v25.3.1 - https:\/\/yoast.com\/wordpress\/plugins\/seo\/ -->\n<title>Apartmore | Book the apartment and get a massage free<\/title>\n<meta name=\"description\" content=\"Spend 15% of the accommodation price for any SPA treatment in Jacques Andr\u00e9 Hair&amp;Spa in the city centre of Gda\u0144sk.\" \/>\n<meta name=\"robots\" content=\"index, follow, max-snippet:-1, max-image-preview:large, max-video-preview:-1\" \/>\n<link rel=\"canonical\" href=\"https:\/\/apartmore.pl\/en\/jandrefb\/\" \/>\n<meta property=\"og:locale\" content=\"en_US\" \/>\n<meta property=\"og:type\" content=\"article\" \/>\n<meta property=\"og:title\" content=\"Apartmore | Book the apartment and get a massage free\" \/>\n<meta property=\"og:description\" content=\"Spend 15% of the accommodation price for any SPA treatment in Jacques Andr\u00e9 Hair&amp;Spa in the city centre of Gda\u0144sk.\" \/>\n<meta property=\"og:url\" content=\"https:\/\/apartmore.pl\/en\/jandrefb\/\" \/>\n<meta property=\"og:site_name\" content=\"Apartmore\" \/>\n<meta property=\"article:publisher\" content=\"https:\/\/www.facebook.com\/ApartmoreApartments\/\" \/>\n<meta property=\"article:modified_time\" content=\"2017-12-14T10:36:14+00:00\" \/>\n<meta property=\"og:image\" content=\"https:\/\/apartmore.pl\/wp-content\/uploads\/2017\/12\/do-googla.jpg\" \/>\n\t<meta property=\"og:image:width\" content=\"1932\" \/>\n\t<meta property=\"og:image:height\" content=\"1904\" \/>\n\t<meta property=\"og:image:type\" content=\"image\/jpeg\" \/>\n<meta name=\"twitter:card\" content=\"summary_large_image\" \/>\n<meta name=\"twitter:label1\" content=\"Est. reading time\" \/>\n\t<meta name=\"twitter:data1\" content=\"1 minute\" \/>\n<script type=\"application\/ld+json\" class=\"yoast-schema-graph\">{\"@context\":\"https:\/\/schema.org\",\"@graph\":[{\"@type\":\"WebPage\",\"@id\":\"https:\/\/apartmore.pl\/en\/jandrefb\/\",\"url\":\"https:\/\/apartmore.pl\/en\/jandrefb\/\",\"name\":\"Apartmore | Book the apartment and get a massage free\",\"isPartOf\":{\"@id\":\"https:\/\/apartmore.pl\/pl\/#website\"},\"primaryImageOfPage\":{\"@id\":\"https:\/\/apartmore.pl\/en\/jandrefb\/#primaryimage\"},\"image\":{\"@id\":\"https:\/\/apartmore.pl\/en\/jandrefb\/#primaryimage\"},\"thumbnailUrl\":\"http:\/\/apartmore.pl\/wp-content\/uploads\/2017\/09\/0-2-300x200.jpg\",\"datePublished\":\"2017-12-10T11:05:01+00:00\",\"dateModified\":\"2017-12-14T10:36:14+00:00\",\"description\":\"Spend 15% of the accommodation price for any SPA treatment in Jacques Andr\u00e9 Hair&Spa in the city centre of Gda\u0144sk.\",\"breadcrumb\":{\"@id\":\"https:\/\/apartmore.pl\/en\/jandrefb\/#breadcrumb\"},\"inLanguage\":\"en-US\",\"potentialAction\":[{\"@type\":\"ReadAction\",\"target\":[\"https:\/\/apartmore.pl\/en\/jandrefb\/\"]}]},{\"@type\":\"ImageObject\",\"inLanguage\":\"en-US\",\"@id\":\"https:\/\/apartmore.pl\/en\/jandrefb\/#primaryimage\",\"url\":\"http:\/\/apartmore.pl\/wp-content\/uploads\/2017\/09\/0-2-300x200.jpg\",\"contentUrl\":\"http:\/\/apartmore.pl\/wp-content\/uploads\/2017\/09\/0-2-300x200.jpg\"},{\"@type\":\"BreadcrumbList\",\"@id\":\"https:\/\/apartmore.pl\/en\/jandrefb\/#breadcrumb\",\"itemListElement\":[{\"@type\":\"ListItem\",\"position\":1,\"name\":\"Home\",\"item\":\"https:\/\/apartmore.pl\/en\/\"},{\"@type\":\"ListItem\",\"position\":2,\"name\":\"Book the apartment in the city center of Gda\u0144sk and get a massage free\"}]},{\"@type\":\"WebSite\",\"@id\":\"https:\/\/apartmore.pl\/pl\/#website\",\"url\":\"https:\/\/apartmore.pl\/pl\/\",\"name\":\"Apartmore\",\"description\":\"Best locations for accommodation in Gdansk, Airport transfer, Tourist assistance and concierge, cooperation with SPA and much more.\",\"potentialAction\":[{\"@type\":\"SearchAction\",\"target\":{\"@type\":\"EntryPoint\",\"urlTemplate\":\"https:\/\/apartmore.pl\/pl\/?s={search_term_string}\"},\"query-input\":{\"@type\":\"PropertyValueSpecification\",\"valueRequired\":true,\"valueName\":\"search_term_string\"}}],\"inLanguage\":\"en-US\"}]}<\/script>\n<!-- \/ Yoast SEO plugin. -->","yoast_head_json":{"title":"Apartmore | Book the apartment and get a massage free","description":"Spend 15% of the accommodation price for any SPA treatment in Jacques Andr\u00e9 Hair&Spa in the city centre of Gda\u0144sk.","robots":{"index":"index","follow":"follow","max-snippet":"max-snippet:-1","max-image-preview":"max-image-preview:large","max-video-preview":"max-video-preview:-1"},"canonical":"https:\/\/apartmore.pl\/en\/jandrefb\/","og_locale":"en_US","og_type":"article","og_title":"Apartmore | Book the apartment and get a massage free","og_description":"Spend 15% of the accommodation price for any SPA treatment in Jacques Andr\u00e9 Hair&Spa in the city centre of Gda\u0144sk.","og_url":"https:\/\/apartmore.pl\/en\/jandrefb\/","og_site_name":"Apartmore","article_publisher":"https:\/\/www.facebook.com\/ApartmoreApartments\/","article_modified_time":"2017-12-14T10:36:14+00:00","og_image":[{"width":1932,"height":1904,"url":"https:\/\/apartmore.pl\/wp-content\/uploads\/2017\/12\/do-googla.jpg","type":"image\/jpeg"}],"twitter_card":"summary_large_image","twitter_misc":{"Est. reading time":"1 minute"},"schema":{"@context":"https:\/\/schema.org","@graph":[{"@type":"WebPage","@id":"https:\/\/apartmore.pl\/en\/jandrefb\/","url":"https:\/\/apartmore.pl\/en\/jandrefb\/","name":"Apartmore | Book the apartment and get a massage free","isPartOf":{"@id":"https:\/\/apartmore.pl\/pl\/#website"},"primaryImageOfPage":{"@id":"https:\/\/apartmore.pl\/en\/jandrefb\/#primaryimage"},"image":{"@id":"https:\/\/apartmore.pl\/en\/jandrefb\/#primaryimage"},"thumbnailUrl":"http:\/\/apartmore.pl\/wp-content\/uploads\/2017\/09\/0-2-300x200.jpg","datePublished":"2017-12-10T11:05:01+00:00","dateModified":"2017-12-14T10:36:14+00:00","description":"Spend 15% of the accommodation price for any SPA treatment in Jacques Andr\u00e9 Hair&Spa in the city centre of Gda\u0144sk.","breadcrumb":{"@id":"https:\/\/apartmore.pl\/en\/jandrefb\/#breadcrumb"},"inLanguage":"en-US","potentialAction":[{"@type":"ReadAction","target":["https:\/\/apartmore.pl\/en\/jandrefb\/"]}]},{"@type":"ImageObject","inLanguage":"en-US","@id":"https:\/\/apartmore.pl\/en\/jandrefb\/#primaryimage","url":"http:\/\/apartmore.pl\/wp-content\/uploads\/2017\/09\/0-2-300x200.jpg","contentUrl":"http:\/\/apartmore.pl\/wp-content\/uploads\/2017\/09\/0-2-300x200.jpg"},{"@type":"BreadcrumbList","@id":"https:\/\/apartmore.pl\/en\/jandrefb\/#breadcrumb","itemListElement":[{"@type":"ListItem","position":1,"name":"Home","item":"https:\/\/apartmore.pl\/en\/"},{"@type":"ListItem","position":2,"name":"Book the apartment in the city center of Gda\u0144sk and get a massage free"}]},{"@type":"WebSite","@id":"https:\/\/apartmore.pl\/pl\/#website","url":"https:\/\/apartmore.pl\/pl\/","name":"Apartmore","description":"Best locations for accommodation in Gdansk, Airport transfer, Tourist assistance and concierge, cooperation with SPA and much more.","potentialAction":[{"@type":"SearchAction","target":{"@type":"EntryPoint","urlTemplate":"https:\/\/apartmore.pl\/pl\/?s={search_term_string}"},"query-input":{"@type":"PropertyValueSpecification","valueRequired":true,"valueName":"search_term_string"}}],"inLanguage":"en-US"}]}},"_links":{"self":[{"href":"https:\/\/apartmore.pl\/en\/wp-json\/wp\/v2\/pages\/1583","targetHints":{"allow":["GET"]}}],"collection":[{"href":"https:\/\/apartmore.pl\/en\/wp-json\/wp\/v2\/pages"}],"about":[{"href":"https:\/\/apartmore.pl\/en\/wp-json\/wp\/v2\/types\/page"}],"author":[{"embeddable":true,"href":"https:\/\/apartmore.pl\/en\/wp-json\/wp\/v2\/users\/3"}],"replies":[{"embeddable":true,"href":"https:\/\/apartmore.pl\/en\/wp-json\/wp\/v2\/comments?post=1583"}],"version-history":[{"count":0,"href":"https:\/\/apartmore.pl\/en\/wp-json\/wp\/v2\/pages\/1583\/revisions"}],"wp:attachment":[{"href":"https:\/\/apartmore.pl\/en\/wp-json\/wp\/v2\/media?parent=1583"}],"curies":[{"name":"wp","href":"https:\/\/api.w.org\/{rel}","templated":true}]}}